{"id":1028,"date":"2020-05-28T11:42:20","date_gmt":"2020-05-28T09:42:20","guid":{"rendered":"http:\/\/sfassisf.com\/?page_id=1028"},"modified":"2025-05-06T21:10:52","modified_gmt":"2025-05-06T19:10:52","slug":"projecte-educatiu-de-centre","status":"publish","type":"page","link":"https:\/\/sfassisf.com\/?page_id=1028","title":{"rendered":"Projecte Educatiu de Centre"},"content":{"rendered":"<a href=\"https:\/\/sfassisf.com\/wp-content\/uploads\/2020\/05\/PEC.pdf\" class=\"pdfemb-viewer\" style=\"width: 500px; \" data-width=\"500\" data-height=\"max\"  data-toolbar=\"bottom\" data-toolbar-fixed=\"off\">PEC<br\/><\/a>\n<p class=\"wp-block-pdfemb-pdf-embedder-viewer\"><\/p>\n","protected":false},"excerpt":{"rendered":"","protected":false},"author":1,"featured_media":0,"parent":0,"menu_order":0,"comment_status":"closed","ping_status":"closed","template":"","meta":{"ngg_post_thumbnail":0},"jetpack_sharing_enabled":true,"jetpack_shortlink":"https:\/\/wp.me\/P9f2GC-gA","jetpack-related-posts":[{"id":1278,"url":"https:\/\/sfassisf.com\/?page_id=1278","url_meta":{"origin":1028,"position":0},"title":"La nostra escola","date":"19\/09\/2023","format":false,"excerpt":"ORGANIGRAMA PROJECTE EDUCATIU OFERTA EDUCATIVA PROJECTE LING\u00dc\u00cdSTIC PLA DIGITAL DE CENTRE MISSI\u00d3, VISI\u00d3 I VALORS CRITERIS DE PROMOCI\u00d3 I TITULACI\u00d3 REGLAMENT","rel":"","context":"Similar post","img":{"alt_text":"","src":"","width":0,"height":0},"classes":[]},{"id":81,"url":"https:\/\/sfassisf.com\/?page_id=81","url_meta":{"origin":1028,"position":1},"title":"ICAPE (Cooperativa escolar)","date":"18\/07\/2017","format":false,"excerpt":"Un curs m\u00e9s, l'alumnat de 5\u00e8 de prim\u00e0ria ens hem adherit al programa ICAPE sobre emprenedoria.\u00a0 ICAPE \u00e9s un projecte educatiu que impulsa els valors de la persona, les capacitats emprenedores i familiaritza els estudiants amb el concepte de responsabilitat social. L\u2019objectiu general d\u2019ICAPE \u00e9s aconseguir que els alumnes millorin\u2026","rel":"","context":"Similar post","img":{"alt_text":"","src":"","width":0,"height":0},"classes":[]},{"id":1022,"url":"https:\/\/sfassisf.com\/?page_id=1022","url_meta":{"origin":1028,"position":2},"title":"Projecte Ling\u00fc\u00edstic de Centre","date":"28\/05\/2020","format":false,"excerpt":"","rel":"","context":"Similar post","img":{"alt_text":"","src":"","width":0,"height":0},"classes":[]},{"id":936,"url":"https:\/\/sfassisf.com\/?page_id=936","url_meta":{"origin":1028,"position":3},"title":"Projecte d&#8217;etapa","date":"22\/10\/2019","format":false,"excerpt":"Cada curs, l'etapa d'Educaci\u00f3 Prim\u00e0ria engega un projecte com\u00fa en el que cada curs hi treballa de forma particular. Aquest curs 2021\/2022, i a partir del lema \"Treu la m\u00e0gia del teu cor\", es podran treballar les emocions de forma molt particular. Aquest lema tamb\u00e9 servir\u00e0 per fer les reflexions\u2026","rel":"","context":"Similar post","img":{"alt_text":"","src":"https:\/\/i0.wp.com\/sfassisf.com\/wp-content\/uploads\/2021\/09\/Treu-la-ma\u0300gia-del-teu-cor-copia.png?resize=350%2C200&ssl=1","width":350,"height":200},"classes":[]},{"id":1173,"url":"https:\/\/sfassisf.com\/?page_id=1173","url_meta":{"origin":1028,"position":4},"title":"Programa Fora de s\u00e8rie","date":"31\/03\/2022","format":false,"excerpt":"Benvolgudes fam\u00edlies,\u00a0 La nostra escola \u00e9s un dels deu centres educatius que formen part de la Xarxa de Centres Cooperants del Fons Menorqu\u00ed de Cooperaci\u00f3, a trav\u00e9s del qual rebem suport t\u00e8cnic per desenvolupar un projecte d\u2019Aprenentatge Servei que des de fa tres anys se centra en la Sobirania Aliment\u00e0ria\u2026","rel":"","context":"Similar post","img":{"alt_text":"","src":"","width":0,"height":0},"classes":[]},{"id":1264,"url":"https:\/\/sfassisf.com\/?page_id=1264","url_meta":{"origin":1028,"position":5},"title":"Pla Digital de Centre","date":"15\/09\/2023","format":false,"excerpt":"PLA DIGITAL DE CENTRERead more publications on Calam\u00e9o","rel":"","context":"Similar post","img":{"alt_text":"","src":"","width":0,"height":0},"classes":[]}],"_links":{"self":[{"href":"https:\/\/sfassisf.com\/index.php?rest_route=\/wp\/v2\/pages\/1028"}],"collection":[{"href":"https:\/\/sfassisf.com\/index.php?rest_route=\/wp\/v2\/pages"}],"about":[{"href":"https:\/\/sfassisf.com\/index.php?rest_route=\/wp\/v2\/types\/page"}],"author":[{"embeddable":true,"href":"https:\/\/sfassisf.com\/index.php?rest_route=\/wp\/v2\/users\/1"}],"replies":[{"embeddable":true,"href":"https:\/\/sfassisf.com\/index.php?rest_route=%2Fwp%2Fv2%2Fcomments&post=1028"}],"version-history":[{"count":3,"href":"https:\/\/sfassisf.com\/index.php?rest_route=\/wp\/v2\/pages\/1028\/revisions"}],"predecessor-version":[{"id":1412,"href":"https:\/\/sfassisf.com\/index.php?rest_route=\/wp\/v2\/pages\/1028\/revisions\/1412"}],"wp:attachment":[{"href":"https:\/\/sfassisf.com\/index.php?rest_route=%2Fwp%2Fv2%2Fmedia&parent=1028"}],"curies":[{"name":"wp","href":"https:\/\/api.w.org\/{rel}","templated":true}]}}