{"id":1173,"date":"2022-03-31T16:35:12","date_gmt":"2022-03-31T14:35:12","guid":{"rendered":"http:\/\/sfassisf.com\/?page_id=1173"},"modified":"2022-03-31T16:39:29","modified_gmt":"2022-03-31T14:39:29","slug":"programa-fora-de-serie","status":"publish","type":"page","link":"https:\/\/sfassisf.com\/?page_id=1173","title":{"rendered":"Programa Fora de s\u00e8rie"},"content":{"rendered":"\n<p>Benvolgudes fam\u00edlies,&nbsp;<\/p>\n\n\n\n<p>La nostra escola \u00e9s un dels deu centres educatius que formen part de la <em>Xarxa de Centres Cooperants<\/em> del <a href=\"https:\/\/www.fonsmenorqui.org\/ca\" target=\"_blank\" rel=\"noreferrer noopener\">Fons Menorqu\u00ed de Cooperaci\u00f3<\/a>, a trav\u00e9s del qual rebem suport t\u00e8cnic per desenvolupar un projecte d\u2019Aprenentatge Servei que des de fa tres anys se centra en la Sobirania Aliment\u00e0ria i el Dret a l\u2019Alimentaci\u00f3. En aquest sentit, el nostre alumnat realitza peri\u00f2dicament activitats relacionades amb l\u2019Alimentaci\u00f3 i s\u2019implica amb campanyes actives del municipi i a nivell insular que vetllen per una alimentaci\u00f3 m\u00e9s respectuosa, justa i sostenible.\u00a0<\/p>\n\n\n\n<p>\u00c9s per aquest motiu, que des de fa una temporada, el supermercat Nofre Janer (Spar) de Ferreries d\u00f3na -gratu\u00eftament i de forma peri\u00f2dica- fruita al centre, perqu\u00e8 l\u2019alumnat que aix\u00ed ho desitgi en pugui berenar al pati. Aquesta fruita no \u00e9s una fruita qualsevol: \u00e9s <em>Fruita Fora de S\u00e8rie<\/em>, que o b\u00e9 est\u00e0 en excedent o b\u00e9 t\u00e9 un aspecte (formes, colors i mides) que dificulten la seva comercialitzaci\u00f3. Es tracta, per tant, d\u2019una acci\u00f3 contra el malbaratament alimentari i per treballar-la, aprofitam la campanya \u201cProducte Fora de S\u00e8rie\u201d de l\u2019Ag\u00e8ncia Menorca Reserva de Biosfera i de Just\u00edcia Aliment\u00e0ria, de la qual en podeu trobar m\u00e9s informaci\u00f3 <a href=\"http:\/\/www.biosferamenorca.org\/Contingut.aspx?IdPub=5643\">aqu\u00ed<\/a> i en aquest <a href=\"https:\/\/producteforadeserie.wordpress.com\/\">blog<\/a>.&nbsp;<\/p>\n\n\n\n<p>Al llarg dels propers dies, completarem l\u2019acci\u00f3 amb el repartiment de Bosses Fora de S\u00e8rie reutilitzables, que podreu utilitzar per donar una oportunitat a aquests productes entre els comer\u00e7os d\u2019aliments frescos del nostre municipi.&nbsp;<\/p>\n\n\n\n<h4>Per saber-ne m\u00e9s, sobre el malbaratament alimentari<\/h4>\n\n\n\n<p>El malbaratament alimentari fa refer\u00e8ncia al menjar destinat al consum hum\u00e0 que llencem al llarg de tot el circuit alimentari i que s\u2019hauria pogut prevenir o b\u00e9 aprofitar perqu\u00e8 els aliments encara mantenien el valor nutricional. Les dades suggereixen que desaprofitam quasi <strong>una tercera part<\/strong> dels aliments que es produeixen a nivell mundial per al consum hum\u00e0 (\u00e9s a dir, un de cada 3 aliments!). <strong>A Menorca, suposen quasi 12.000 tones d\u2019aliments cada any<\/strong>.&nbsp;<\/p>\n\n\n\n<p>Una part important del malbaratament alimentari generat di\u00e0riament \u00e9s deguda al menyspreu cap a alguns productes agroalimentaris degut a la seva <strong>mida, forma o color<\/strong>. Molts aliments d\u2019horta s\u00f3n rebutjats pels propis productors, pels grans distribu\u00efdors comercials i pels consumidors perqu\u00e8 s\u00f3n petits, perqu\u00e8 tenen formes i colors peculiars o b\u00e9 perqu\u00e8 tenen alguna taca o algun cop, tot i que mantenen intacta la seva qualitat nutricional.&nbsp;<\/p>\n\n\n\n<p>Qualsevol xifra de desaprofitament alimentari t\u00e9 una connotaci\u00f3 moral negativa. Provocar la producci\u00f3, la venda i la compra de quatre pomes quan nom\u00e9s en s\u00f3n necess\u00e0ries tres, suposa un alt cost <strong>econ\u00f2mic,<\/strong> <strong>\u00e8tic, social i mediambiental<\/strong>, sense oblidar l\u2019impacte sobre <strong>la dieta i la salut<\/strong>. Alhora que llencem aliments, 690 milions de persones en el m\u00f3n han passat gana al llarg de l\u2019any 2019, 3.000 milions de persones no es poden permetre una dieta saludable, i quasi dos bilions d\u2019adults i 41 milions d\u2019infants menors de 5 anys en el m\u00f3n tenen exc\u00e9s de pes corporal. Desaprofitar aliments suposa desaprofitar recursos naturals com l\u2019aigua, l\u2019energia i el s\u00f2l pr\u00e8viament invertits en la seva producci\u00f3, manipulaci\u00f3, transport, emmagatzematge o transformaci\u00f3; dels quals dep\u00e8n la producci\u00f3 futura d\u2019aliments. Perdre o malbaratar aliments tamb\u00e9 implica contaminar: eliminar els residus org\u00e0nics aprofitables genera entre el 8 i el 10 per cent de les emissions de gasos d\u2019efecte hivernacle sense cap motiu que els justifiqui.&nbsp;<\/p>\n\n\n\n<p>Davant aquest escenari, \u00e9s necessari recuperar el valor dels aliments i avan\u00e7ar cap a un sistema alimentari eficient, just, m\u00e9s responsable i sostenible. Tenim al davant el repte urgent i transcendental de trobar <strong>solucions compartides entre tots els agents de la cadena aliment\u00e0ria<\/strong>, des de les persones productores a les consumidores, passant per les distribu\u00efdores, comercialitzadores i restauradores. Cada actor ha d\u2019acceptar la seva responsabilitat i adoptar accions resolutives de forma particular i col\u00b7lectiva.&nbsp;<\/p>\n\n\n\n<p>A l\u2019escola ja ens hi hem posat!&nbsp;<\/p>\n","protected":false},"excerpt":{"rendered":"<p>Benvolgudes fam\u00edlies,&nbsp; La nostra escola \u00e9s un dels deu centres educatius que formen part de la Xarxa de Centres Cooperants del Fons Menorqu\u00ed de Cooperaci\u00f3, a trav\u00e9s del qual rebem suport t\u00e8cnic per desenvolupar un projecte d\u2019Aprenentatge Servei que des de fa tres anys se centra en la Sobirania Aliment\u00e0ria i el Dret a l\u2019Alimentaci\u00f3. [&hellip;]<\/p>\n","protected":false},"author":1,"featured_media":0,"parent":0,"menu_order":0,"comment_status":"closed","ping_status":"closed","template":"","meta":{"ngg_post_thumbnail":0},"jetpack_sharing_enabled":true,"jetpack_shortlink":"https:\/\/wp.me\/P9f2GC-iV","jetpack-related-posts":[{"id":1212,"url":"https:\/\/sfassisf.com\/?page_id=1212","url_meta":{"origin":1173,"position":0},"title":"Programa &#8220;Fora de s\u00e8rie&#8221;","date":"03\/10\/2022","format":false,"excerpt":"Un curs m\u00e9s, i amb la col\u00b7laboraci\u00f3 d'un comer\u00e7 del poble, posam en marxa el programa \"Fora de s\u00e8rie\". L'activitat principal del programa consisteix en que un divendres de cada mes, un comer\u00e7 ens fa arribar aquella fruita que per les seves caracter\u00edstiques est\u00e8tiques no segueix els est\u00e0ndards comercials i\u2026","rel":"","context":"Similar post","img":{"alt_text":"","src":"https:\/\/i0.wp.com\/sfassisf.com\/wp-content\/uploads\/2022\/10\/image.png?resize=350%2C200&ssl=1","width":350,"height":200},"classes":[]},{"id":1207,"url":"https:\/\/sfassisf.com\/","url_meta":{"origin":1173,"position":1},"title":"Curs 2025-2026","date":"16\/09\/2022","format":false,"excerpt":"Benvinguts al curs 2025-2026 de l'escola Sant Francesc d'Ass\u00eds de Ferreries! Aquest curs us proposem iniciar un viatge especial: el viatge de l\u2019aprenentatge. Un cam\u00ed compartit que ens convida a cr\u00e9ixer junts, a descobrir, a experimentar, a equivocar-nos i tornar a comen\u00e7ar, a gaudir de tot all\u00f2 que podem aprendre\u2026","rel":"","context":"Similar post","img":{"alt_text":"","src":"https:\/\/i0.wp.com\/sfassisf.com\/wp-content\/uploads\/2025\/09\/LEMA-25-26-scaled.jpg?resize=350%2C200&ssl=1","width":350,"height":200},"classes":[]},{"id":506,"url":"https:\/\/sfassisf.com\/?page_id=506","url_meta":{"origin":1173,"position":2},"title":"Viatges escolars","date":"19\/09\/2023","format":false,"excerpt":"La nostra escola t\u00e9 establerts, de fa molts anys, dos viatges escolars. Aquests viatges tenen lloc en finalitzar les dues etapes educatives de Prim\u00e0ria i Secund\u00e0ria. Viatge de 6\u00e8 de Prim\u00e0ria L\u2019alumnat de 6\u00e8,\u00a0 que espera aquest viatge amb il\u00b7lusi\u00f3, t\u00e9 l\u2019oportunitat de gaudir de les activitats educatives proposades per\u2026","rel":"","context":"Similar post","img":{"alt_text":"","src":"","width":0,"height":0},"classes":[]},{"id":52,"url":"https:\/\/sfassisf.com\/?page_id=52","url_meta":{"origin":1173,"position":3},"title":"El centre","date":"18\/07\/2017","format":false,"excerpt":"MISSI\u00d3 Oferir una educaci\u00f3 integral \u2013la qual abasti el desenvolupament f\u00edsic, intel\u00b7lectual, afectiu i social- arrelada en els valors propis de la concepci\u00f3 cristiana de l\u2019home, de la vida i del m\u00f3n i que es basa en la import\u00e0ncia de la filosofia de l\u2019ESSER i no del tenir, per potenciar\u2026","rel":"","context":"Similar post","img":{"alt_text":"","src":"","width":0,"height":0},"classes":[]},{"id":510,"url":"https:\/\/sfassisf.com\/?page_id=510","url_meta":{"origin":1173,"position":4},"title":"Festivals","date":"28\/05\/2018","format":false,"excerpt":"La nostra escola promou l'expressi\u00f3 art\u00edstica des de moltes vessants diferents, encara que destaquem especialment la import\u00e0ncia de donar a con\u00e8ixer les habilitats adquirides o treballades dins l'horari lectiu. Consideram que l'expressi\u00f3 art\u00edstica \u00e9s fonamental per a la formaci\u00f3 integral de la persona i que li hem de donar cabuda\u2026","rel":"","context":"Similar post","img":{"alt_text":"","src":"","width":0,"height":0},"classes":[]},{"id":1531,"url":"https:\/\/sfassisf.com\/?page_id=1531","url_meta":{"origin":1173,"position":5},"title":"Escacs a l\u2019Escola","date":"07\/11\/2025","format":false,"excerpt":"La nostra escola forma part del programa\u00a0Escacs a l\u2019Escola\u00a0impulsat pel Servei d\u2019Innovaci\u00f3 Educativa. Aquest programa pret\u00e9n facilitar als centres educatius la implantaci\u00f3 i el foment de la pr\u00e0ctica dels escacs com a eina pedag\u00f2gica per enriquir el proc\u00e9s d\u2019ensenyament i aprenentatge dels infants i per ajudar a desenvolupar de manera\u2026","rel":"","context":"Similar post","img":{"alt_text":"","src":"","width":0,"height":0},"classes":[]}],"_links":{"self":[{"href":"https:\/\/sfassisf.com\/index.php?rest_route=\/wp\/v2\/pages\/1173"}],"collection":[{"href":"https:\/\/sfassisf.com\/index.php?rest_route=\/wp\/v2\/pages"}],"about":[{"href":"https:\/\/sfassisf.com\/index.php?rest_route=\/wp\/v2\/types\/page"}],"author":[{"embeddable":true,"href":"https:\/\/sfassisf.com\/index.php?rest_route=\/wp\/v2\/users\/1"}],"replies":[{"embeddable":true,"href":"https:\/\/sfassisf.com\/index.php?rest_route=%2Fwp%2Fv2%2Fcomments&post=1173"}],"version-history":[{"count":2,"href":"https:\/\/sfassisf.com\/index.php?rest_route=\/wp\/v2\/pages\/1173\/revisions"}],"predecessor-version":[{"id":1178,"href":"https:\/\/sfassisf.com\/index.php?rest_route=\/wp\/v2\/pages\/1173\/revisions\/1178"}],"wp:attachment":[{"href":"https:\/\/sfassisf.com\/index.php?rest_route=%2Fwp%2Fv2%2Fmedia&parent=1173"}],"curies":[{"name":"wp","href":"https:\/\/api.w.org\/{rel}","templated":true}]}}