{"id":1207,"date":"2022-09-16T12:54:07","date_gmt":"2022-09-16T10:54:07","guid":{"rendered":"http:\/\/sfassisf.com\/?page_id=1207"},"modified":"2025-09-07T22:30:55","modified_gmt":"2025-09-07T20:30:55","slug":"curs-2022-2023","status":"publish","type":"page","link":"https:\/\/sfassisf.com\/","title":{"rendered":"Curs 2025-2026"},"content":{"rendered":"<div class=\"wp-block-image\">\n<figure class=\"alignleft size-large is-resized\"><img data-attachment-id=\"1450\" data-permalink=\"https:\/\/sfassisf.com\/?attachment_id=1450#main\" data-orig-file=\"https:\/\/i0.wp.com\/sfassisf.com\/wp-content\/uploads\/2025\/09\/LEMA-25-26-scaled.jpg?fit=1788%2C2560&amp;ssl=1\" data-orig-size=\"1788,2560\" data-comments-opened=\"0\" data-image-meta=\"{&quot;aperture&quot;:&quot;0&quot;,&quot;credit&quot;:&quot;&quot;,&quot;camera&quot;:&quot;&quot;,&quot;caption&quot;:&quot;&quot;,&quot;created_timestamp&quot;:&quot;0&quot;,&quot;copyright&quot;:&quot;&quot;,&quot;focal_length&quot;:&quot;0&quot;,&quot;iso&quot;:&quot;0&quot;,&quot;shutter_speed&quot;:&quot;0&quot;,&quot;title&quot;:&quot;&quot;,&quot;orientation&quot;:&quot;0&quot;}\" data-image-title=\"LEMA 25-26\" data-image-description=\"\" data-image-caption=\"\" data-medium-file=\"https:\/\/i0.wp.com\/sfassisf.com\/wp-content\/uploads\/2025\/09\/LEMA-25-26-scaled.jpg?fit=209%2C300&amp;ssl=1\" data-large-file=\"https:\/\/i0.wp.com\/sfassisf.com\/wp-content\/uploads\/2025\/09\/LEMA-25-26-scaled.jpg?fit=680%2C974&amp;ssl=1\" loading=\"lazy\" src=\"https:\/\/i0.wp.com\/sfassisf.com\/wp-content\/uploads\/2025\/09\/LEMA-25-26.jpg?resize=390%2C558&#038;ssl=1\" alt=\"\" class=\"wp-image-1450\" width=\"390\" height=\"558\" srcset=\"https:\/\/i0.wp.com\/sfassisf.com\/wp-content\/uploads\/2025\/09\/LEMA-25-26-scaled.jpg?resize=715%2C1024&amp;ssl=1 715w, https:\/\/i0.wp.com\/sfassisf.com\/wp-content\/uploads\/2025\/09\/LEMA-25-26-scaled.jpg?resize=209%2C300&amp;ssl=1 209w, https:\/\/i0.wp.com\/sfassisf.com\/wp-content\/uploads\/2025\/09\/LEMA-25-26-scaled.jpg?resize=768%2C1100&amp;ssl=1 768w, https:\/\/i0.wp.com\/sfassisf.com\/wp-content\/uploads\/2025\/09\/LEMA-25-26-scaled.jpg?resize=1073%2C1536&amp;ssl=1 1073w, https:\/\/i0.wp.com\/sfassisf.com\/wp-content\/uploads\/2025\/09\/LEMA-25-26-scaled.jpg?resize=1430%2C2048&amp;ssl=1 1430w, https:\/\/i0.wp.com\/sfassisf.com\/wp-content\/uploads\/2025\/09\/LEMA-25-26-scaled.jpg?w=1788&amp;ssl=1 1788w, https:\/\/i0.wp.com\/sfassisf.com\/wp-content\/uploads\/2025\/09\/LEMA-25-26-scaled.jpg?w=1360&amp;ssl=1 1360w\" sizes=\"(max-width: 390px) 100vw, 390px\" data-recalc-dims=\"1\" \/><\/figure><\/div>\n\n\n<p><strong>Benvinguts al curs 2025-2026 de l&#8217;escola Sant Francesc d&#8217;Ass\u00eds de Ferreries!<\/strong><\/p>\n\n\n\n<p class=\"has-text-align-justify\">Aquest curs us proposem iniciar un viatge especial: el viatge de l\u2019aprenentatge. Un cam\u00ed compartit que ens convida a cr\u00e9ixer junts, a descobrir, a experimentar, a equivocar-nos i tornar a comen\u00e7ar, a gaudir de tot all\u00f2 que podem aprendre dia a dia. Un cam\u00ed ple de reptes que ens impulsaran a cr\u00e9ixer junts, des dels m\u00e9s petits fins als m\u00e9s grans de la nostra escola.<\/p>\n\n\n\n<p class=\"has-text-align-justify\">Cada dia ser\u00e0 una nova etapa, un pas m\u00e9s per explorar nous horitzons i con\u00e8ixer el m\u00f3n amb curiositat i il\u00b7lusi\u00f3. Volem que cadascun dels nostres alumnes sigui el protagonista d\u2019aquesta travessia, acompanyat per mestres i companys que el guiaran i li donaran suport.<\/p>\n\n\n\n<p class=\"has-text-align-justify\">L\u2019escola \u00e9s com un tren en marxa, un vaixell que surt de port o un avi\u00f3 que s\u2019enlaira: un mitj\u00e0 que ens far\u00e0 viure aquesta gran aventura i ens porta a explorar nous horitzons. Cadascun dels membres de la comunitat educativa \u00e9s un viatger que viu el seu propi trajecte, amb curiositat i il\u00b7lusi\u00f3, per\u00f2 alhora forma part d\u2019un gran equip que avan\u00e7a unit.<\/p>\n\n\n\n<p class=\"has-text-align-justify\">El nostre desig \u00e9s que cada alumne senti que aquest viatge li pertany, que t\u00e9 un lloc i una direcci\u00f3, i que cada experi\u00e8ncia viscuda a l\u2019escola \u00e9s una oportunitat per cr\u00e9ixer.<\/p>\n\n\n\n<p class=\"has-text-align-justify\">Aquest curs, doncs, us animem a pujar al viatge de l\u2019aprenentatge, a deixar-vos sorprendre i a compartir el cam\u00ed amb alegria, comprom\u00eds i esperan\u00e7a.<\/p>\n\n\n\n<p class=\"has-text-align-justify\">El viatge de l\u2019aprenentatge no t\u00e9 un punt final, perqu\u00e8 aprendre \u00e9s avan\u00e7ar sempre. Pugeu amb nosaltres i fem d\u2019aquest curs una experi\u00e8ncia inoblidable!<\/p>\n\n\n\n<p class=\"has-text-align-justify\"><\/p>\n","protected":false},"excerpt":{"rendered":"<p>Benvinguts al curs 2025-2026 de l&#8217;escola Sant Francesc d&#8217;Ass\u00eds de Ferreries! Aquest curs us proposem iniciar un viatge especial: el viatge de l\u2019aprenentatge. Un cam\u00ed compartit que ens convida a cr\u00e9ixer junts, a descobrir, a experimentar, a equivocar-nos i tornar a comen\u00e7ar, a gaudir de tot all\u00f2 que podem aprendre dia a dia. Un cam\u00ed [&hellip;]<\/p>\n","protected":false},"author":1,"featured_media":0,"parent":0,"menu_order":0,"comment_status":"closed","ping_status":"closed","template":"","meta":{"ngg_post_thumbnail":0},"jetpack_sharing_enabled":true,"jetpack_shortlink":"https:\/\/wp.me\/P9f2GC-jt","jetpack-related-posts":[{"id":506,"url":"https:\/\/sfassisf.com\/?page_id=506","url_meta":{"origin":1207,"position":0},"title":"Viatges escolars","date":"19\/09\/2023","format":false,"excerpt":"La nostra escola t\u00e9 establerts, de fa molts anys, dos viatges escolars. Aquests viatges tenen lloc en finalitzar les dues etapes educatives de Prim\u00e0ria i Secund\u00e0ria. Viatge de 6\u00e8 de Prim\u00e0ria L\u2019alumnat de 6\u00e8,\u00a0 que espera aquest viatge amb il\u00b7lusi\u00f3, t\u00e9 l\u2019oportunitat de gaudir de les activitats educatives proposades per\u2026","rel":"","context":"Similar post","img":{"alt_text":"","src":"","width":0,"height":0},"classes":[]},{"id":1212,"url":"https:\/\/sfassisf.com\/?page_id=1212","url_meta":{"origin":1207,"position":1},"title":"Programa &#8220;Fora de s\u00e8rie&#8221;","date":"03\/10\/2022","format":false,"excerpt":"Un curs m\u00e9s, i amb la col\u00b7laboraci\u00f3 d'un comer\u00e7 del poble, posam en marxa el programa \"Fora de s\u00e8rie\". L'activitat principal del programa consisteix en que un divendres de cada mes, un comer\u00e7 ens fa arribar aquella fruita que per les seves caracter\u00edstiques est\u00e8tiques no segueix els est\u00e0ndards comercials i\u2026","rel":"","context":"Similar post","img":{"alt_text":"","src":"https:\/\/i0.wp.com\/sfassisf.com\/wp-content\/uploads\/2022\/10\/image.png?resize=350%2C200&ssl=1","width":350,"height":200},"classes":[]},{"id":81,"url":"https:\/\/sfassisf.com\/?page_id=81","url_meta":{"origin":1207,"position":2},"title":"ICAPE (Cooperativa escolar)","date":"18\/07\/2017","format":false,"excerpt":"Un curs m\u00e9s, l'alumnat de 5\u00e8 de prim\u00e0ria ens hem adherit al programa ICAPE sobre emprenedoria.\u00a0 ICAPE \u00e9s un projecte educatiu que impulsa els valors de la persona, les capacitats emprenedores i familiaritza els estudiants amb el concepte de responsabilitat social. L\u2019objectiu general d\u2019ICAPE \u00e9s aconseguir que els alumnes millorin\u2026","rel":"","context":"Similar post","img":{"alt_text":"","src":"","width":0,"height":0},"classes":[]},{"id":1462,"url":"https:\/\/sfassisf.com\/?page_id=1462","url_meta":{"origin":1207,"position":3},"title":"Extraescolars","date":"07\/09\/2025","format":false,"excerpt":"Benvolgudes fam\u00edlies, a partir del proper dia 10 de setembre es posa en marxa el servei d'extraescolars. A continuaci\u00f3 us detallam m\u00e9s informaci\u00f3 per si \u00e9s del vostre inter\u00e8s fer-ne \u00fas durant el curs. SERVEI D\u2019EXTRAESCOLARSL\u2019horari \u00e9s de les 15h a les 16h.Preu 40\u20ac mensuals 4 dies a la setmana\u2026","rel":"","context":"Similar post","img":{"alt_text":"","src":"","width":0,"height":0},"classes":[]},{"id":1334,"url":"https:\/\/sfassisf.com\/?page_id=1334","url_meta":{"origin":1207,"position":4},"title":"Escola Matinera","date":"15\/05\/2024","format":false,"excerpt":"Benvolgudes fam\u00edlies, a partir del proper dia 10 de setembre es posa en marxa el servei d\u2019escolamatinera. A continuaci\u00f3 us detallam m\u00e9s informaci\u00f3 per si \u00e9s del vostre inter\u00e8s fer-ne \u00fas durant el curs. SERVEI D\u2019ESCOLA MATINERAL\u2019horari \u00e9s de 7:30h a 8:30h.Preu 35\u20ac mensuals.Dies espor\u00e0dics 3\u20ac per dia.Dirigit a l\u2019alumnat\u2026","rel":"","context":"Similar post","img":{"alt_text":"","src":"","width":0,"height":0},"classes":[]},{"id":936,"url":"https:\/\/sfassisf.com\/?page_id=936","url_meta":{"origin":1207,"position":5},"title":"Projecte d&#8217;etapa","date":"22\/10\/2019","format":false,"excerpt":"Cada curs, l'etapa d'Educaci\u00f3 Prim\u00e0ria engega un projecte com\u00fa en el que cada curs hi treballa de forma particular. Aquest curs 2021\/2022, i a partir del lema \"Treu la m\u00e0gia del teu cor\", es podran treballar les emocions de forma molt particular. Aquest lema tamb\u00e9 servir\u00e0 per fer les reflexions\u2026","rel":"","context":"Similar post","img":{"alt_text":"","src":"https:\/\/i0.wp.com\/sfassisf.com\/wp-content\/uploads\/2021\/09\/Treu-la-ma\u0300gia-del-teu-cor-copia.png?resize=350%2C200&ssl=1","width":350,"height":200},"classes":[]}],"_links":{"self":[{"href":"https:\/\/sfassisf.com\/index.php?rest_route=\/wp\/v2\/pages\/1207"}],"collection":[{"href":"https:\/\/sfassisf.com\/index.php?rest_route=\/wp\/v2\/pages"}],"about":[{"href":"https:\/\/sfassisf.com\/index.php?rest_route=\/wp\/v2\/types\/page"}],"author":[{"embeddable":true,"href":"https:\/\/sfassisf.com\/index.php?rest_route=\/wp\/v2\/users\/1"}],"replies":[{"embeddable":true,"href":"https:\/\/sfassisf.com\/index.php?rest_route=%2Fwp%2Fv2%2Fcomments&post=1207"}],"version-history":[{"count":5,"href":"https:\/\/sfassisf.com\/index.php?rest_route=\/wp\/v2\/pages\/1207\/revisions"}],"predecessor-version":[{"id":1451,"href":"https:\/\/sfassisf.com\/index.php?rest_route=\/wp\/v2\/pages\/1207\/revisions\/1451"}],"wp:attachment":[{"href":"https:\/\/sfassisf.com\/index.php?rest_route=%2Fwp%2Fv2%2Fmedia&parent=1207"}],"curies":[{"name":"wp","href":"https:\/\/api.w.org\/{rel}","templated":true}]}}