{"id":1264,"date":"2023-09-15T12:37:21","date_gmt":"2023-09-15T10:37:21","guid":{"rendered":"http:\/\/sfassisf.com\/?page_id=1264"},"modified":"2023-10-03T11:14:44","modified_gmt":"2023-10-03T09:14:44","slug":"pla-digital-de-centre","status":"publish","type":"page","link":"https:\/\/sfassisf.com\/?page_id=1264","title":{"rendered":"Pla Digital de Centre"},"content":{"rendered":"\n<div style=\"text-align:center;\"><div style=\"margin:8px 0px 4px;\"><a href=\"https:\/\/www.calameo.com\/books\/0074208723226b57bfe54\" target=\"_blank\" rel=\"noopener\">PLA DIGITAL DE CENTRE<\/a><\/div><iframe loading=\"lazy\" src=\"\/\/v.calameo.com\/?bkcode=0074208723226b57bfe54&#038;mode=mini\" width=\"480\" height=\"300\" frameborder=\"0\" scrolling=\"no\" allowtransparency allowfullscreen style=\"margin:0 auto;\"><\/iframe><div style=\"margin:4px 0px 8px;\"><a href=\"http:\/\/www.calameo.com\/\" target=\"_blank\" rel=\"noopener\">Read more publications on Calam\u00e9o<\/a><\/div><\/div>\n","protected":false},"excerpt":{"rendered":"<p>PLA DIGITAL DE CENTRE Read more publications on Calam\u00e9o<\/p>\n","protected":false},"author":1,"featured_media":0,"parent":0,"menu_order":0,"comment_status":"closed","ping_status":"closed","template":"","meta":{"ngg_post_thumbnail":0},"jetpack_sharing_enabled":true,"jetpack_shortlink":"https:\/\/wp.me\/P9f2GC-ko","jetpack-related-posts":[{"id":1278,"url":"https:\/\/sfassisf.com\/?page_id=1278","url_meta":{"origin":1264,"position":0},"title":"La nostra escola","date":"19\/09\/2023","format":false,"excerpt":"ORGANIGRAMA PROJECTE EDUCATIU OFERTA EDUCATIVA PROJECTE LING\u00dc\u00cdSTIC PLA DIGITAL DE CENTRE MISSI\u00d3, VISI\u00d3 I VALORS CRITERIS DE PROMOCI\u00d3 I TITULACI\u00d3 REGLAMENT","rel":"","context":"Similar post","img":{"alt_text":"","src":"","width":0,"height":0},"classes":[]},{"id":1028,"url":"https:\/\/sfassisf.com\/?page_id=1028","url_meta":{"origin":1264,"position":1},"title":"Projecte Educatiu de Centre","date":"28\/05\/2020","format":false,"excerpt":"","rel":"","context":"Similar post","img":{"alt_text":"","src":"","width":0,"height":0},"classes":[]},{"id":1022,"url":"https:\/\/sfassisf.com\/?page_id=1022","url_meta":{"origin":1264,"position":2},"title":"Projecte Ling\u00fc\u00edstic de Centre","date":"28\/05\/2020","format":false,"excerpt":"","rel":"","context":"Similar post","img":{"alt_text":"","src":"","width":0,"height":0},"classes":[]},{"id":1462,"url":"https:\/\/sfassisf.com\/?page_id=1462","url_meta":{"origin":1264,"position":3},"title":"Extraescolars","date":"07\/09\/2025","format":false,"excerpt":"Benvolgudes fam\u00edlies, a partir del proper dia 10 de setembre es posa en marxa el servei d'extraescolars. A continuaci\u00f3 us detallam m\u00e9s informaci\u00f3 per si \u00e9s del vostre inter\u00e8s fer-ne \u00fas durant el curs. SERVEI D\u2019EXTRAESCOLARSL\u2019horari \u00e9s de les 15h a les 16h.Preu 40\u20ac mensuals 4 dies a la setmana\u2026","rel":"","context":"Similar post","img":{"alt_text":"","src":"","width":0,"height":0},"classes":[]},{"id":52,"url":"https:\/\/sfassisf.com\/?page_id=52","url_meta":{"origin":1264,"position":4},"title":"El centre","date":"18\/07\/2017","format":false,"excerpt":"MISSI\u00d3 Oferir una educaci\u00f3 integral \u2013la qual abasti el desenvolupament f\u00edsic, intel\u00b7lectual, afectiu i social- arrelada en els valors propis de la concepci\u00f3 cristiana de l\u2019home, de la vida i del m\u00f3n i que es basa en la import\u00e0ncia de la filosofia de l\u2019ESSER i no del tenir, per potenciar\u2026","rel":"","context":"Similar post","img":{"alt_text":"","src":"","width":0,"height":0},"classes":[]},{"id":506,"url":"https:\/\/sfassisf.com\/?page_id=506","url_meta":{"origin":1264,"position":5},"title":"Viatges escolars","date":"19\/09\/2023","format":false,"excerpt":"La nostra escola t\u00e9 establerts, de fa molts anys, dos viatges escolars. Aquests viatges tenen lloc en finalitzar les dues etapes educatives de Prim\u00e0ria i Secund\u00e0ria. Viatge de 6\u00e8 de Prim\u00e0ria L\u2019alumnat de 6\u00e8,\u00a0 que espera aquest viatge amb il\u00b7lusi\u00f3, t\u00e9 l\u2019oportunitat de gaudir de les activitats educatives proposades per\u2026","rel":"","context":"Similar post","img":{"alt_text":"","src":"","width":0,"height":0},"classes":[]}],"_links":{"self":[{"href":"https:\/\/sfassisf.com\/index.php?rest_route=\/wp\/v2\/pages\/1264"}],"collection":[{"href":"https:\/\/sfassisf.com\/index.php?rest_route=\/wp\/v2\/pages"}],"about":[{"href":"https:\/\/sfassisf.com\/index.php?rest_route=\/wp\/v2\/types\/page"}],"author":[{"embeddable":true,"href":"https:\/\/sfassisf.com\/index.php?rest_route=\/wp\/v2\/users\/1"}],"replies":[{"embeddable":true,"href":"https:\/\/sfassisf.com\/index.php?rest_route=%2Fwp%2Fv2%2Fcomments&post=1264"}],"version-history":[{"count":5,"href":"https:\/\/sfassisf.com\/index.php?rest_route=\/wp\/v2\/pages\/1264\/revisions"}],"predecessor-version":[{"id":1301,"href":"https:\/\/sfassisf.com\/index.php?rest_route=\/wp\/v2\/pages\/1264\/revisions\/1301"}],"wp:attachment":[{"href":"https:\/\/sfassisf.com\/index.php?rest_route=%2Fwp%2Fv2%2Fmedia&parent=1264"}],"curies":[{"name":"wp","href":"https:\/\/api.w.org\/{rel}","templated":true}]}}