{"id":1278,"date":"2023-09-19T11:09:04","date_gmt":"2023-09-19T09:09:04","guid":{"rendered":"https:\/\/sfassisf.com\/?page_id=1278"},"modified":"2025-05-06T21:18:17","modified_gmt":"2025-05-06T19:18:17","slug":"la-nostra-escola","status":"publish","type":"page","link":"https:\/\/sfassisf.com\/?page_id=1278","title":{"rendered":"La nostra escola"},"content":{"rendered":"<a href=\"https:\/\/sfassisf.com\/wp-content\/uploads\/2025\/04\/Nota-de-premsa_-Incorporacio-del-Collegi-Sant-Francesc-dAssis-de-Menorca-a-la-Fundacio-Ramon-Llull-1.pdf\" class=\"pdfemb-viewer\" style=\"width: 500px; \" data-width=\"500\" data-height=\"max\"  data-toolbar=\"bottom\" data-toolbar-fixed=\"off\">Nota-de-premsa_-Incorporacio-del-Collegi-Sant-Francesc-dAssis-de-Menorca-a-la-Fundacio-Ramon-Llull-1<br\/><\/a>\n<p class=\"wp-block-pdfemb-pdf-embedder-viewer\"><\/p>\n\n\n\n<div class=\"wp-container-6 wp-block-columns\">\n<div class=\"wp-container-5 wp-block-column is-vertically-aligned-top\" style=\"flex-basis:100%\">\n<div class=\"wp-container-4 wp-block-group\"><div class=\"wp-block-group__inner-container\">\n<div class=\"wp-container-2 wp-block-group\"><div class=\"wp-block-group__inner-container\">\n<div class=\"wp-container-1 is-content-justification-center wp-block-buttons\">\n<div class=\"wp-block-button is-style-fill\"><a class=\"wp-block-button__link has-background\" href=\"https:\/\/sfassisf.com\/?page_id=78\" style=\"background-color:#a19c13\">ORGANIGRAMA<\/a><\/div>\n\n\n\n<div class=\"wp-block-button is-style-fill\"><a class=\"wp-block-button__link has-background\" href=\"https:\/\/sfassisf.com\/?page_id=1028\" style=\"background-color:#6da8c4\">PROJECTE EDUCATIU<\/a><\/div>\n\n\n\n<div class=\"wp-block-button is-style-fill\"><a class=\"wp-block-button__link has-background\" href=\"https:\/\/sfassisf.com\/?page_id=54\" style=\"background-color:#239891\">OFERTA EDUCATIVA<\/a><\/div>\n<\/div>\n\n\n\n<p><\/p>\n<\/div><\/div>\n\n\n\n<div class=\"wp-container-3 is-content-justification-center wp-block-buttons\">\n<div class=\"wp-block-button\"><a class=\"wp-block-button__link has-background\" href=\"https:\/\/sfassisf.com\/?page_id=1022\" style=\"background-color:#a4ba6a\">PROJECTE LING\u00dc\u00cdSTIC<\/a><\/div>\n\n\n\n<div class=\"wp-block-button\"><a class=\"wp-block-button__link has-background\" href=\"https:\/\/sfassisf.com\/?page_id=1264\" style=\"background-color:#6b4b6b\">PLA DIGITAL DE CENTRE<\/a><\/div>\n\n\n\n<div class=\"wp-block-button\"><a class=\"wp-block-button__link has-cyan-bluish-gray-background-color has-background\" href=\"https:\/\/sfassisf.com\/?page_id=52\">MISSI\u00d3, VISI\u00d3 I VALORS<\/a><\/div>\n<\/div>\n<\/div><\/div>\n<\/div>\n<\/div>\n\n\n\n<div class=\"wp-container-7 is-content-justification-center wp-block-buttons\">\n<div class=\"wp-block-button\"><a class=\"wp-block-button__link has-luminous-vivid-orange-background-color has-background\" href=\"https:\/\/www.calameo.com\/read\/0074208725793d59a3743\" target=\"_blank\" rel=\"noreferrer noopener\">CRITERIS DE PROMOCI\u00d3 I TITULACI\u00d3<\/a><\/div>\n\n\n\n<div class=\"wp-block-button\"><a class=\"wp-block-button__link has-vivid-red-background-color has-background\" href=\"https:\/\/www.calameo.com\/read\/0074208720ea3904de2f5\">REGLAMENT<\/a><\/div>\n<\/div>\n\n\n\n<p><\/p>\n\n\n\n<hr class=\"wp-block-separator has-alpha-channel-opacity is-style-wide\"\/>\n","protected":false},"excerpt":{"rendered":"","protected":false},"author":1,"featured_media":0,"parent":0,"menu_order":0,"comment_status":"closed","ping_status":"closed","template":"","meta":{"ngg_post_thumbnail":0},"jetpack_sharing_enabled":true,"jetpack_shortlink":"https:\/\/wp.me\/P9f2GC-kC","jetpack-related-posts":[{"id":1531,"url":"https:\/\/sfassisf.com\/?page_id=1531","url_meta":{"origin":1278,"position":0},"title":"Escacs a l\u2019Escola","date":"07\/11\/2025","format":false,"excerpt":"La nostra escola forma part del programa\u00a0Escacs a l\u2019Escola\u00a0impulsat pel Servei d\u2019Innovaci\u00f3 Educativa. Aquest programa pret\u00e9n facilitar als centres educatius la implantaci\u00f3 i el foment de la pr\u00e0ctica dels escacs com a eina pedag\u00f2gica per enriquir el proc\u00e9s d\u2019ensenyament i aprenentatge dels infants i per ajudar a desenvolupar de manera\u2026","rel":"","context":"Similar post","img":{"alt_text":"","src":"","width":0,"height":0},"classes":[]},{"id":506,"url":"https:\/\/sfassisf.com\/?page_id=506","url_meta":{"origin":1278,"position":1},"title":"Viatges escolars","date":"19\/09\/2023","format":false,"excerpt":"La nostra escola t\u00e9 establerts, de fa molts anys, dos viatges escolars. Aquests viatges tenen lloc en finalitzar les dues etapes educatives de Prim\u00e0ria i Secund\u00e0ria. Viatge de 6\u00e8 de Prim\u00e0ria L\u2019alumnat de 6\u00e8,\u00a0 que espera aquest viatge amb il\u00b7lusi\u00f3, t\u00e9 l\u2019oportunitat de gaudir de les activitats educatives proposades per\u2026","rel":"","context":"Similar post","img":{"alt_text":"","src":"","width":0,"height":0},"classes":[]},{"id":52,"url":"https:\/\/sfassisf.com\/?page_id=52","url_meta":{"origin":1278,"position":2},"title":"El centre","date":"18\/07\/2017","format":false,"excerpt":"MISSI\u00d3 Oferir una educaci\u00f3 integral \u2013la qual abasti el desenvolupament f\u00edsic, intel\u00b7lectual, afectiu i social- arrelada en els valors propis de la concepci\u00f3 cristiana de l\u2019home, de la vida i del m\u00f3n i que es basa en la import\u00e0ncia de la filosofia de l\u2019ESSER i no del tenir, per potenciar\u2026","rel":"","context":"Similar post","img":{"alt_text":"","src":"","width":0,"height":0},"classes":[]},{"id":97,"url":"https:\/\/sfassisf.com\/?page_id=97","url_meta":{"origin":1278,"position":3},"title":"Padrins","date":"19\/07\/2017","format":false,"excerpt":"La nostra escola va iniciar ja fa anys diferents programes i activitats agrupades sota el nom com\u00fa de \"Padrins\". Aquestes activitats es basen en la coeducaci\u00f3 i en el guiatge per part de l'alumnat dels cursos superiors envers els m\u00e9s petitons. D'aquesta forma, es duen a terme les seg\u00fcents activitats:\u2026","rel":"","context":"Similar post","img":{"alt_text":"","src":"https:\/\/i0.wp.com\/sfassisf.com\/wp-content\/uploads\/2017\/07\/IMG_3385-1-300x225.jpg?resize=350%2C200","width":350,"height":200},"classes":[]},{"id":78,"url":"https:\/\/sfassisf.com\/?page_id=78","url_meta":{"origin":1278,"position":4},"title":"Organigrama","date":"18\/07\/2017","format":false,"excerpt":"L'equip directiu L'equip directiu del nostre centre est\u00e0 compost pels seg\u00fcents c\u00e0rrecs: Direcci\u00f3 acad\u00e8mica: Joan Pons Mart\u00ed Cap d'estudis: Sandra Mercadal Truyol Cap de pastoral: Susana Mart\u00ed Pons Secret\u00e0ria: \u00c0ngels Llufriu Huguet Representant del titular: Guillem Ferrer Monjo","rel":"","context":"Similar post","img":{"alt_text":"","src":"https:\/\/i0.wp.com\/sfassisf.com\/wp-content\/uploads\/2025\/12\/Equip-directiu-2025-26-1.jpg?resize=350%2C200&ssl=1","width":350,"height":200},"classes":[]},{"id":1207,"url":"https:\/\/sfassisf.com\/","url_meta":{"origin":1278,"position":5},"title":"Curs 2025-2026","date":"16\/09\/2022","format":false,"excerpt":"Benvinguts al curs 2025-2026 de l'escola Sant Francesc d'Ass\u00eds de Ferreries! Aquest curs us proposem iniciar un viatge especial: el viatge de l\u2019aprenentatge. Un cam\u00ed compartit que ens convida a cr\u00e9ixer junts, a descobrir, a experimentar, a equivocar-nos i tornar a comen\u00e7ar, a gaudir de tot all\u00f2 que podem aprendre\u2026","rel":"","context":"Similar post","img":{"alt_text":"","src":"https:\/\/i0.wp.com\/sfassisf.com\/wp-content\/uploads\/2025\/09\/LEMA-25-26-scaled.jpg?resize=350%2C200&ssl=1","width":350,"height":200},"classes":[]}],"_links":{"self":[{"href":"https:\/\/sfassisf.com\/index.php?rest_route=\/wp\/v2\/pages\/1278"}],"collection":[{"href":"https:\/\/sfassisf.com\/index.php?rest_route=\/wp\/v2\/pages"}],"about":[{"href":"https:\/\/sfassisf.com\/index.php?rest_route=\/wp\/v2\/types\/page"}],"author":[{"embeddable":true,"href":"https:\/\/sfassisf.com\/index.php?rest_route=\/wp\/v2\/users\/1"}],"replies":[{"embeddable":true,"href":"https:\/\/sfassisf.com\/index.php?rest_route=%2Fwp%2Fv2%2Fcomments&post=1278"}],"version-history":[{"count":10,"href":"https:\/\/sfassisf.com\/index.php?rest_route=\/wp\/v2\/pages\/1278\/revisions"}],"predecessor-version":[{"id":1413,"href":"https:\/\/sfassisf.com\/index.php?rest_route=\/wp\/v2\/pages\/1278\/revisions\/1413"}],"wp:attachment":[{"href":"https:\/\/sfassisf.com\/index.php?rest_route=%2Fwp%2Fv2%2Fmedia&parent=1278"}],"curies":[{"name":"wp","href":"https:\/\/api.w.org\/{rel}","templated":true}]}}