{"id":1531,"date":"2025-11-07T11:50:15","date_gmt":"2025-11-07T09:50:15","guid":{"rendered":"https:\/\/sfassisf.com\/?page_id=1531"},"modified":"2025-11-07T11:56:31","modified_gmt":"2025-11-07T09:56:31","slug":"escacs-a-lescola","status":"publish","type":"page","link":"https:\/\/sfassisf.com\/?page_id=1531","title":{"rendered":"Escacs a l\u2019Escola"},"content":{"rendered":"\n<p>La nostra escola forma part del programa&nbsp;<strong>Escacs a l\u2019Escola<\/strong>&nbsp;impulsat pel Servei d\u2019Innovaci\u00f3 Educativa. Aquest programa pret\u00e9n facilitar als centres educatius la implantaci\u00f3 i el foment de la pr\u00e0ctica dels escacs com a eina pedag\u00f2gica per enriquir el proc\u00e9s d\u2019ensenyament i aprenentatge dels infants i per ajudar a desenvolupar de manera natural habilitats cognitives i socials.<\/p>\n\n\n\n<p>A m\u00e9s d\u2019aquest programa, tamb\u00e9 participam en els tallers d\u2019Escacs impartits per l\u2019Associaci\u00f3 Chess Menorca amb els seus experts monitors en aquest \u00e0mbit. Tots els cursos de Prim\u00e0ria realitzen un taller d\u2019Escacs.<\/p>\n","protected":false},"excerpt":{"rendered":"<p>La nostra escola forma part del programa&nbsp;Escacs a l\u2019Escola&nbsp;impulsat pel Servei d\u2019Innovaci\u00f3 Educativa. Aquest programa pret\u00e9n facilitar als centres educatius la implantaci\u00f3 i el foment de la pr\u00e0ctica dels escacs com a eina pedag\u00f2gica per enriquir el proc\u00e9s d\u2019ensenyament i aprenentatge dels infants i per ajudar a desenvolupar de manera natural habilitats cognitives i socials. [&hellip;]<\/p>\n","protected":false},"author":1,"featured_media":0,"parent":0,"menu_order":0,"comment_status":"closed","ping_status":"closed","template":"","meta":{"ngg_post_thumbnail":0},"jetpack_sharing_enabled":true,"jetpack_shortlink":"https:\/\/wp.me\/P9f2GC-oH","jetpack-related-posts":[{"id":1173,"url":"https:\/\/sfassisf.com\/?page_id=1173","url_meta":{"origin":1531,"position":0},"title":"Programa Fora de s\u00e8rie","date":"31\/03\/2022","format":false,"excerpt":"Benvolgudes fam\u00edlies,\u00a0 La nostra escola \u00e9s un dels deu centres educatius que formen part de la Xarxa de Centres Cooperants del Fons Menorqu\u00ed de Cooperaci\u00f3, a trav\u00e9s del qual rebem suport t\u00e8cnic per desenvolupar un projecte d\u2019Aprenentatge Servei que des de fa tres anys se centra en la Sobirania Aliment\u00e0ria\u2026","rel":"","context":"Similar post","img":{"alt_text":"","src":"","width":0,"height":0},"classes":[]},{"id":81,"url":"https:\/\/sfassisf.com\/?page_id=81","url_meta":{"origin":1531,"position":1},"title":"ICAPE (Cooperativa escolar)","date":"18\/07\/2017","format":false,"excerpt":"Un curs m\u00e9s, l'alumnat de 5\u00e8 de prim\u00e0ria ens hem adherit al programa ICAPE sobre emprenedoria.\u00a0 ICAPE \u00e9s un projecte educatiu que impulsa els valors de la persona, les capacitats emprenedores i familiaritza els estudiants amb el concepte de responsabilitat social. L\u2019objectiu general d\u2019ICAPE \u00e9s aconseguir que els alumnes millorin\u2026","rel":"","context":"Similar post","img":{"alt_text":"","src":"","width":0,"height":0},"classes":[]},{"id":1207,"url":"https:\/\/sfassisf.com\/","url_meta":{"origin":1531,"position":2},"title":"Curs 2025-2026","date":"16\/09\/2022","format":false,"excerpt":"Benvinguts al curs 2025-2026 de l'escola Sant Francesc d'Ass\u00eds de Ferreries! Aquest curs us proposem iniciar un viatge especial: el viatge de l\u2019aprenentatge. Un cam\u00ed compartit que ens convida a cr\u00e9ixer junts, a descobrir, a experimentar, a equivocar-nos i tornar a comen\u00e7ar, a gaudir de tot all\u00f2 que podem aprendre\u2026","rel":"","context":"Similar post","img":{"alt_text":"","src":"https:\/\/i0.wp.com\/sfassisf.com\/wp-content\/uploads\/2025\/09\/LEMA-25-26-scaled.jpg?resize=350%2C200&ssl=1","width":350,"height":200},"classes":[]},{"id":97,"url":"https:\/\/sfassisf.com\/?page_id=97","url_meta":{"origin":1531,"position":3},"title":"Padrins","date":"19\/07\/2017","format":false,"excerpt":"La nostra escola va iniciar ja fa anys diferents programes i activitats agrupades sota el nom com\u00fa de \"Padrins\". Aquestes activitats es basen en la coeducaci\u00f3 i en el guiatge per part de l'alumnat dels cursos superiors envers els m\u00e9s petitons. D'aquesta forma, es duen a terme les seg\u00fcents activitats:\u2026","rel":"","context":"Similar post","img":{"alt_text":"","src":"https:\/\/i0.wp.com\/sfassisf.com\/wp-content\/uploads\/2017\/07\/IMG_3385-1-300x225.jpg?resize=350%2C200","width":350,"height":200},"classes":[]},{"id":510,"url":"https:\/\/sfassisf.com\/?page_id=510","url_meta":{"origin":1531,"position":4},"title":"Festivals","date":"28\/05\/2018","format":false,"excerpt":"La nostra escola promou l'expressi\u00f3 art\u00edstica des de moltes vessants diferents, encara que destaquem especialment la import\u00e0ncia de donar a con\u00e8ixer les habilitats adquirides o treballades dins l'horari lectiu. Consideram que l'expressi\u00f3 art\u00edstica \u00e9s fonamental per a la formaci\u00f3 integral de la persona i que li hem de donar cabuda\u2026","rel":"","context":"Similar post","img":{"alt_text":"","src":"","width":0,"height":0},"classes":[]},{"id":52,"url":"https:\/\/sfassisf.com\/?page_id=52","url_meta":{"origin":1531,"position":5},"title":"El centre","date":"18\/07\/2017","format":false,"excerpt":"MISSI\u00d3 Oferir una educaci\u00f3 integral \u2013la qual abasti el desenvolupament f\u00edsic, intel\u00b7lectual, afectiu i social- arrelada en els valors propis de la concepci\u00f3 cristiana de l\u2019home, de la vida i del m\u00f3n i que es basa en la import\u00e0ncia de la filosofia de l\u2019ESSER i no del tenir, per potenciar\u2026","rel":"","context":"Similar post","img":{"alt_text":"","src":"","width":0,"height":0},"classes":[]}],"_links":{"self":[{"href":"https:\/\/sfassisf.com\/index.php?rest_route=\/wp\/v2\/pages\/1531"}],"collection":[{"href":"https:\/\/sfassisf.com\/index.php?rest_route=\/wp\/v2\/pages"}],"about":[{"href":"https:\/\/sfassisf.com\/index.php?rest_route=\/wp\/v2\/types\/page"}],"author":[{"embeddable":true,"href":"https:\/\/sfassisf.com\/index.php?rest_route=\/wp\/v2\/users\/1"}],"replies":[{"embeddable":true,"href":"https:\/\/sfassisf.com\/index.php?rest_route=%2Fwp%2Fv2%2Fcomments&post=1531"}],"version-history":[{"count":4,"href":"https:\/\/sfassisf.com\/index.php?rest_route=\/wp\/v2\/pages\/1531\/revisions"}],"predecessor-version":[{"id":1537,"href":"https:\/\/sfassisf.com\/index.php?rest_route=\/wp\/v2\/pages\/1531\/revisions\/1537"}],"wp:attachment":[{"href":"https:\/\/sfassisf.com\/index.php?rest_route=%2Fwp%2Fv2%2Fmedia&parent=1531"}],"curies":[{"name":"wp","href":"https:\/\/api.w.org\/{rel}","templated":true}]}}