{"id":241,"date":"2017-09-07T08:18:20","date_gmt":"2017-09-07T06:18:20","guid":{"rendered":"http:\/\/sfassisf.com\/?page_id=241"},"modified":"2023-10-11T13:27:21","modified_gmt":"2023-10-11T11:27:21","slug":"calendari-dactivitats","status":"publish","type":"page","link":"https:\/\/sfassisf.com\/?page_id=241","title":{"rendered":"Calendari d&#8217;activitats"},"content":{"rendered":"<p>En aquest calendari hi trobareu les activitats complement\u00e0ries, els esdeveniments m\u00e9s importants del centre, i tamb\u00e9 les reunions d&#8217;aula.<\/p>\n\n\n<iframe loading=\"lazy\" src=\"https:\/\/calendar.google.com\/calendar\/embed?height=600&amp;wkst=1&amp;bgcolor=%23ffffff&amp;ctz=Europe%2FMadrid&amp;src=c2Zhc3Npc2YuY29tX2JmMGJhbjVxbmZwNTNkaWFycmNhcjFlazBvQGdyb3VwLmNhbGVuZGFyLmdvb2dsZS5jb20&amp;color=%23009688&amp;showPrint=0&amp;showTabs=0&amp;showCalendars=0&amp;mode=WEEK\" style=\"border:solid 1px #777;height: 600px;\" scrolling=\"no\" width=\"100%\" height=\"600\" frameborder=\"0\"><\/iframe>\n\n\n\n<p><\/p>\n","protected":false},"excerpt":{"rendered":"<p>En aquest calendari hi trobareu les activitats complement\u00e0ries, els esdeveniments m\u00e9s importants del centre, i tamb\u00e9 les reunions d&#8217;aula.<\/p>\n","protected":false},"author":1,"featured_media":0,"parent":0,"menu_order":0,"comment_status":"closed","ping_status":"closed","template":"","meta":{"ngg_post_thumbnail":0},"jetpack_sharing_enabled":true,"jetpack_shortlink":"https:\/\/wp.me\/P9f2GC-3T","jetpack-related-posts":[{"id":510,"url":"https:\/\/sfassisf.com\/?page_id=510","url_meta":{"origin":241,"position":0},"title":"Festivals","date":"28\/05\/2018","format":false,"excerpt":"La nostra escola promou l'expressi\u00f3 art\u00edstica des de moltes vessants diferents, encara que destaquem especialment la import\u00e0ncia de donar a con\u00e8ixer les habilitats adquirides o treballades dins l'horari lectiu. Consideram que l'expressi\u00f3 art\u00edstica \u00e9s fonamental per a la formaci\u00f3 integral de la persona i que li hem de donar cabuda\u2026","rel":"","context":"Similar post","img":{"alt_text":"","src":"","width":0,"height":0},"classes":[]},{"id":997,"url":"https:\/\/sfassisf.com\/?page_id=997","url_meta":{"origin":241,"position":1},"title":"COVID-19","date":"08\/05\/2020","format":false,"excerpt":"Ateses les cont\u00ednues, i a vegades contradict\u00f2ries, informacions que arriben a trav\u00e9s dels mitjans de comunicaci\u00f3, us adrecem a la web oficial de la Conselleria d'Educaci\u00f3. All\u00e0 hi podreu trobar les darreres informacions referents a la situaci\u00f3 excepcional que estem vivint, aix\u00ed com les novetats referents a educaci\u00f3. GOIB -Conselleria\u2026","rel":"","context":"Similar post","img":{"alt_text":"","src":"","width":0,"height":0},"classes":[]},{"id":506,"url":"https:\/\/sfassisf.com\/?page_id=506","url_meta":{"origin":241,"position":2},"title":"Viatges escolars","date":"19\/09\/2023","format":false,"excerpt":"La nostra escola t\u00e9 establerts, de fa molts anys, dos viatges escolars. Aquests viatges tenen lloc en finalitzar les dues etapes educatives de Prim\u00e0ria i Secund\u00e0ria. Viatge de 6\u00e8 de Prim\u00e0ria L\u2019alumnat de 6\u00e8,\u00a0 que espera aquest viatge amb il\u00b7lusi\u00f3, t\u00e9 l\u2019oportunitat de gaudir de les activitats educatives proposades per\u2026","rel":"","context":"Similar post","img":{"alt_text":"","src":"","width":0,"height":0},"classes":[]},{"id":936,"url":"https:\/\/sfassisf.com\/?page_id=936","url_meta":{"origin":241,"position":3},"title":"Projecte d&#8217;etapa","date":"22\/10\/2019","format":false,"excerpt":"Cada curs, l'etapa d'Educaci\u00f3 Prim\u00e0ria engega un projecte com\u00fa en el que cada curs hi treballa de forma particular. Aquest curs 2021\/2022, i a partir del lema \"Treu la m\u00e0gia del teu cor\", es podran treballar les emocions de forma molt particular. Aquest lema tamb\u00e9 servir\u00e0 per fer les reflexions\u2026","rel":"","context":"Similar post","img":{"alt_text":"","src":"https:\/\/i0.wp.com\/sfassisf.com\/wp-content\/uploads\/2021\/09\/Treu-la-ma\u0300gia-del-teu-cor-copia.png?resize=350%2C200&ssl=1","width":350,"height":200},"classes":[]},{"id":1339,"url":"https:\/\/sfassisf.com\/?page_id=1339","url_meta":{"origin":241,"position":4},"title":"Servei de menjador","date":"15\/05\/2024","format":false,"excerpt":"Benvolgudes fam\u00edlies, a partir del proper dia 10 de setembre es posa en marxa el servei de menjador. A continuaci\u00f3 us detallam m\u00e9s informaci\u00f3 per si \u00e9s del vostre inter\u00e8s fer-ne \u00fas durant el curs. SERVEI DE MENJADORL\u2019horari \u00e9s de les 13:30h a les 15:00h per a l\u2019alumnat d\u2019infantil i\u2026","rel":"","context":"Similar post","img":{"alt_text":"","src":"","width":0,"height":0},"classes":[]},{"id":52,"url":"https:\/\/sfassisf.com\/?page_id=52","url_meta":{"origin":241,"position":5},"title":"El centre","date":"18\/07\/2017","format":false,"excerpt":"MISSI\u00d3 Oferir una educaci\u00f3 integral \u2013la qual abasti el desenvolupament f\u00edsic, intel\u00b7lectual, afectiu i social- arrelada en els valors propis de la concepci\u00f3 cristiana de l\u2019home, de la vida i del m\u00f3n i que es basa en la import\u00e0ncia de la filosofia de l\u2019ESSER i no del tenir, per potenciar\u2026","rel":"","context":"Similar post","img":{"alt_text":"","src":"","width":0,"height":0},"classes":[]}],"_links":{"self":[{"href":"https:\/\/sfassisf.com\/index.php?rest_route=\/wp\/v2\/pages\/241"}],"collection":[{"href":"https:\/\/sfassisf.com\/index.php?rest_route=\/wp\/v2\/pages"}],"about":[{"href":"https:\/\/sfassisf.com\/index.php?rest_route=\/wp\/v2\/types\/page"}],"author":[{"embeddable":true,"href":"https:\/\/sfassisf.com\/index.php?rest_route=\/wp\/v2\/users\/1"}],"replies":[{"embeddable":true,"href":"https:\/\/sfassisf.com\/index.php?rest_route=%2Fwp%2Fv2%2Fcomments&post=241"}],"version-history":[{"count":18,"href":"https:\/\/sfassisf.com\/index.php?rest_route=\/wp\/v2\/pages\/241\/revisions"}],"predecessor-version":[{"id":1308,"href":"https:\/\/sfassisf.com\/index.php?rest_route=\/wp\/v2\/pages\/241\/revisions\/1308"}],"wp:attachment":[{"href":"https:\/\/sfassisf.com\/index.php?rest_route=%2Fwp%2Fv2%2Fmedia&parent=241"}],"curies":[{"name":"wp","href":"https:\/\/api.w.org\/{rel}","templated":true}]}}