{"id":29,"date":"2017-07-17T15:33:10","date_gmt":"2017-07-17T13:33:10","guid":{"rendered":"http:\/\/sfassisf.com\/?page_id=29"},"modified":"2026-04-01T11:40:10","modified_gmt":"2026-04-01T09:40:10","slug":"revista-missatger","status":"publish","type":"page","link":"https:\/\/sfassisf.com\/?page_id=29","title":{"rendered":"Revista Missatger"},"content":{"rendered":"\n<p>L&#8217;alumnat d&#8217;ESO elabora, de forma trimestral, una revista per donar a con\u00e8ixer el dia a dia de l&#8217;escola. S&#8217;hi publiquen produccions de l&#8217;alumnat dels diferents cicles educatius, aix\u00ed com informaci\u00f3 sobre sortides i altres activitats duites a terme al nostre centre.<\/p>\n\n\n\n<p>Les anirem publicant en aquesta web a mesura que es vagin elaborant.<\/p>\n\n\n\n<p> <\/p>\n\n\n\n<div class=\"wp-container-5 wp-block-columns\">\n<div class=\"wp-container-1 wp-block-column\">\n<div style=\"text-align:center;\"><div style=\"margin:8px 0px 4px;\"><a href=\"https:\/\/www.calameo.com\/read\/007420872d72e67a7ced2\" _blank\"=\"\" rel=\"noopener\">Revista Missatger 113<\/a><\/div><iframe loading=\"lazy\" src=\"\/\/v.calameo.com\/?bkcode=007420872d72e67a7ced2&amp;mode=mini\" width=\"480\" height=\"300\" frameborder=\"0\" scrolling=\"no\" allowtransparency=\"\" allowfullscreen=\"\" style=\"margin:0 auto;\"><\/iframe><div style=\"margin:4px 0px 8px;\"><a href=\"http:\/\/www.calameo.com\/\" target=\"_blank\" rel=\"noopener\"><\/a><\/div><\/div>\n<\/div>\n\n\n\n<div class=\"wp-container-2 wp-block-column\"><\/div>\n\n\n\n<div class=\"wp-container-3 wp-block-column\"><\/div>\n\n\n\n<div class=\"wp-container-4 wp-block-column\"><\/div>\n<\/div>\n\n\n\n<div class=\"wp-container-10 wp-block-columns\">\n<div class=\"wp-container-6 wp-block-column\">\n<div style=\"text-align:center;\"><div style=\"margin:8px 0px 4px;\"><a href=\"https:\/\/www.calameo.com\/read\/00742087281bb4043632f\" _blank\"=\"\" rel=\"noopener\">Revista Missatger 112<\/a><\/div><iframe loading=\"lazy\" src=\"\/\/v.calameo.com\/?bkcode=00742087281bb4043632f&amp;mode=mini\" width=\"480\" height=\"300\" frameborder=\"0\" scrolling=\"no\" allowtransparency=\"\" allowfullscreen=\"\" style=\"margin:0 auto;\"><\/iframe><div style=\"margin:4px 0px 8px;\"><a href=\"http:\/\/www.calameo.com\/\" target=\"_blank\" rel=\"noopener\"><\/a><\/div><\/div>\n<\/div>\n\n\n\n<div class=\"wp-container-7 wp-block-column\">\n<div style=\"text-align:center;\"><div style=\"margin:8px 0px 4px;\"><a href=\"https:\/\/www.calameo.com\/read\/00742087239dbbe878116\" target=\"_blank\" rel=\"noopener\">Revista Missatger 111<\/a><\/div><iframe loading=\"lazy\" src=\"\/\/v.calameo.com\/?bkcode=00742087239dbbe878116&amp;mode=mini\" width=\"480\" height=\"300\" frameborder=\"0\" scrolling=\"no\" allowtransparency=\"\" allowfullscreen=\"\" style=\"margin:0 auto;\"><\/iframe><div style=\"margin:4px 0px 8px;\"><a href=\"http:\/\/www.calameo.com\/\" target=\"_blank\" rel=\"noopener\"><\/a><\/div><\/div>\n<\/div>\n\n\n\n<div class=\"wp-container-8 wp-block-column\">\n<div style=\"text-align:center;\"><div style=\"margin:8px 0px 4px;\"><a href=\"https:\/\/www.calameo.com\/books\/007420872aa8aa88a074b\" target=\"_blank\" rel=\"noopener\">Revista Missatger 110<\/a><\/div><iframe loading=\"lazy\" src=\"\/\/v.calameo.com\/?bkcode=007420872aa8aa88a074b&amp;mode=mini\" width=\"480\" height=\"300\" frameborder=\"0\" scrolling=\"no\" allowtransparency=\"\" allowfullscreen=\"\" style=\"margin:0 auto;\"><\/iframe><div style=\"margin:4px 0px 8px;\"><a href=\"http:\/\/www.calameo.com\/\" target=\"_blank\" rel=\"noopener\"><\/a><\/div><\/div>\n<\/div>\n\n\n\n<div class=\"wp-container-9 wp-block-column\">\n<div style=\"text-align:center;\"><div style=\"margin:8px 0px 4px;\"><a href=\"https:\/\/www.calameo.com\/books\/0074208726e526ec73b90\" target=\"_blank\" rel=\"noopener\">Revista Missatger 109<\/a><\/div><iframe loading=\"lazy\" src=\"\/\/v.calameo.com\/?bkcode=0074208726e526ec73b90&amp;mode=mini\" width=\"480\" height=\"300\" frameborder=\"0\" scrolling=\"no\" allowtransparency=\"\" allowfullscreen=\"\" style=\"margin:0 auto;\"><\/iframe><div style=\"margin:4px 0px 8px;\"><a href=\"http:\/\/www.calameo.com\/\" target=\"_blank\" rel=\"noopener\"><\/a><\/div><\/div>\n<\/div>\n<\/div>\n\n\n\n<div class=\"wp-container-15 wp-block-columns\">\n<div class=\"wp-container-11 wp-block-column\">\n<div style=\"text-align:center;\"><div style=\"margin:8px 0px 4px;\"><a href=\"https:\/\/www.calameo.com\/books\/007420872fe9cf5c524f0\" target=\"_blank\" rel=\"noopener\">Revista Missatger 108<\/a><\/div><iframe loading=\"lazy\" src=\"\/\/v.calameo.com\/?bkcode=007420872fe9cf5c524f0&amp;mode=mini\" width=\"480\" height=\"300\" frameborder=\"0\" scrolling=\"no\" allowtransparency=\"\" allowfullscreen=\"\" style=\"margin:0 auto;\"><\/iframe><div style=\"margin:4px 0px 8px;\"><a href=\"http:\/\/www.calameo.com\/\" target=\"_blank\" rel=\"noopener\"><\/a><\/div><\/div>\n<\/div>\n\n\n\n<div class=\"wp-container-12 wp-block-column\">\n<div style=\"text-align:center;\"><div style=\"margin:8px 0px 4px;\"><a href=\"https:\/\/www.calameo.com\/books\/0074208723c5d034a2048\" target=\"_blank\" rel=\"noopener\">Revista Missatger 107<\/a><\/div><iframe loading=\"lazy\" src=\"\/\/v.calameo.com\/?bkcode=0074208723c5d034a2048&amp;mode=mini\" width=\"480\" height=\"300\" frameborder=\"0\" scrolling=\"no\" allowtransparency=\"\" allowfullscreen=\"\" style=\"margin:0 auto;\"><\/iframe><div style=\"margin:4px 0px 8px;\"><a href=\"http:\/\/www.calameo.com\/\" target=\"_blank\" rel=\"noopener\"><\/a><\/div><\/div>\n<\/div>\n\n\n\n<div class=\"wp-container-13 wp-block-column\">\n<div style=\"text-align:center;\"><div style=\"margin:8px 0px 4px;\"><a href=\"https:\/\/www.calameo.com\/books\/0074208723afb432648df\" target=\"_blank\" rel=\"noopener\">Missatger 106<\/a><\/div><iframe loading=\"lazy\" src=\"\/\/v.calameo.com\/?bkcode=0074208723afb432648df&amp;mode=mini&amp;view=book&amp;clickto=public&amp;clicktarget=_self\" width=\"480\" height=\"300\" frameborder=\"0\" scrolling=\"no\" allowtransparency=\"\" allowfullscreen=\"\" style=\"margin:0 auto;\"><\/iframe><div style=\"margin:4px 0px 8px;\"><a href=\"http:\/\/www.calameo.com\/\" target=\"_blank\" rel=\"noopener\"><\/a><\/div><\/div>\n<\/div>\n\n\n\n<div class=\"wp-container-14 wp-block-column\">\n<div style=\"text-align:center;\"><div style=\"margin:8px 0px 4px;\"><a href=\"https:\/\/www.calameo.com\/books\/0074208722648d4829b76\" target=\"_blank\" rel=\"noopener\">Missatger 105<\/a><\/div><iframe loading=\"lazy\" src=\"\/\/v.calameo.com\/?bkcode=0074208722648d4829b76&amp;mode=mini\" width=\"480\" height=\"300\" frameborder=\"0\" scrolling=\"no\" allowtransparency=\"\" allowfullscreen=\"\" style=\"margin:0 auto;\"><\/iframe><div style=\"margin:4px 0px 8px;\"><a href=\"http:\/\/www.calameo.com\/\" target=\"_blank\" a=\"\" rel=\"noopener\"><\/a><\/div><\/div>\n<\/div>\n<\/div>\n","protected":false},"excerpt":{"rendered":"<p>L&#8217;alumnat d&#8217;ESO elabora, de forma trimestral, una revista per donar a con\u00e8ixer el dia a dia de l&#8217;escola. S&#8217;hi publiquen produccions de l&#8217;alumnat dels diferents cicles educatius, aix\u00ed com informaci\u00f3 sobre sortides i altres activitats duites a terme al nostre centre. Les anirem publicant en aquesta web a mesura que es vagin elaborant. Revista Missatger [&hellip;]<\/p>\n","protected":false},"author":1,"featured_media":0,"parent":74,"menu_order":0,"comment_status":"closed","ping_status":"closed","template":"","meta":{"ngg_post_thumbnail":0},"jetpack_sharing_enabled":true,"jetpack_shortlink":"https:\/\/wp.me\/P9f2GC-t","jetpack-related-posts":[{"id":1339,"url":"https:\/\/sfassisf.com\/?page_id=1339","url_meta":{"origin":29,"position":0},"title":"Servei de menjador","date":"15\/05\/2024","format":false,"excerpt":"Benvolgudes fam\u00edlies, a partir del proper dia 10 de setembre es posa en marxa el servei de menjador. A continuaci\u00f3 us detallam m\u00e9s informaci\u00f3 per si \u00e9s del vostre inter\u00e8s fer-ne \u00fas durant el curs. SERVEI DE MENJADORL\u2019horari \u00e9s de les 13:30h a les 15:00h per a l\u2019alumnat d\u2019infantil i\u2026","rel":"","context":"Similar post","img":{"alt_text":"","src":"","width":0,"height":0},"classes":[]},{"id":97,"url":"https:\/\/sfassisf.com\/?page_id=97","url_meta":{"origin":29,"position":1},"title":"Padrins","date":"19\/07\/2017","format":false,"excerpt":"La nostra escola va iniciar ja fa anys diferents programes i activitats agrupades sota el nom com\u00fa de \"Padrins\". Aquestes activitats es basen en la coeducaci\u00f3 i en el guiatge per part de l'alumnat dels cursos superiors envers els m\u00e9s petitons. D'aquesta forma, es duen a terme les seg\u00fcents activitats:\u2026","rel":"","context":"Similar post","img":{"alt_text":"","src":"https:\/\/i0.wp.com\/sfassisf.com\/wp-content\/uploads\/2017\/07\/IMG_3385-1-300x225.jpg?resize=350%2C200","width":350,"height":200},"classes":[]},{"id":506,"url":"https:\/\/sfassisf.com\/?page_id=506","url_meta":{"origin":29,"position":2},"title":"Viatges escolars","date":"19\/09\/2023","format":false,"excerpt":"La nostra escola t\u00e9 establerts, de fa molts anys, dos viatges escolars. Aquests viatges tenen lloc en finalitzar les dues etapes educatives de Prim\u00e0ria i Secund\u00e0ria. Viatge de 6\u00e8 de Prim\u00e0ria L\u2019alumnat de 6\u00e8,\u00a0 que espera aquest viatge amb il\u00b7lusi\u00f3, t\u00e9 l\u2019oportunitat de gaudir de les activitats educatives proposades per\u2026","rel":"","context":"Similar post","img":{"alt_text":"","src":"","width":0,"height":0},"classes":[]},{"id":1334,"url":"https:\/\/sfassisf.com\/?page_id=1334","url_meta":{"origin":29,"position":3},"title":"Escola Matinera","date":"15\/05\/2024","format":false,"excerpt":"Benvolgudes fam\u00edlies, a partir del proper dia 10 de setembre es posa en marxa el servei d\u2019escolamatinera. A continuaci\u00f3 us detallam m\u00e9s informaci\u00f3 per si \u00e9s del vostre inter\u00e8s fer-ne \u00fas durant el curs. SERVEI D\u2019ESCOLA MATINERAL\u2019horari \u00e9s de 7:30h a 8:30h.Preu 35\u20ac mensuals.Dies espor\u00e0dics 3\u20ac per dia.Dirigit a l\u2019alumnat\u2026","rel":"","context":"Similar post","img":{"alt_text":"","src":"","width":0,"height":0},"classes":[]},{"id":1212,"url":"https:\/\/sfassisf.com\/?page_id=1212","url_meta":{"origin":29,"position":4},"title":"Programa &#8220;Fora de s\u00e8rie&#8221;","date":"03\/10\/2022","format":false,"excerpt":"Un curs m\u00e9s, i amb la col\u00b7laboraci\u00f3 d'un comer\u00e7 del poble, posam en marxa el programa \"Fora de s\u00e8rie\". L'activitat principal del programa consisteix en que un divendres de cada mes, un comer\u00e7 ens fa arribar aquella fruita que per les seves caracter\u00edstiques est\u00e8tiques no segueix els est\u00e0ndards comercials i\u2026","rel":"","context":"Similar post","img":{"alt_text":"","src":"https:\/\/i0.wp.com\/sfassisf.com\/wp-content\/uploads\/2022\/10\/image.png?resize=350%2C200&ssl=1","width":350,"height":200},"classes":[]},{"id":52,"url":"https:\/\/sfassisf.com\/?page_id=52","url_meta":{"origin":29,"position":5},"title":"El centre","date":"18\/07\/2017","format":false,"excerpt":"MISSI\u00d3 Oferir una educaci\u00f3 integral \u2013la qual abasti el desenvolupament f\u00edsic, intel\u00b7lectual, afectiu i social- arrelada en els valors propis de la concepci\u00f3 cristiana de l\u2019home, de la vida i del m\u00f3n i que es basa en la import\u00e0ncia de la filosofia de l\u2019ESSER i no del tenir, per potenciar\u2026","rel":"","context":"Similar post","img":{"alt_text":"","src":"","width":0,"height":0},"classes":[]}],"_links":{"self":[{"href":"https:\/\/sfassisf.com\/index.php?rest_route=\/wp\/v2\/pages\/29"}],"collection":[{"href":"https:\/\/sfassisf.com\/index.php?rest_route=\/wp\/v2\/pages"}],"about":[{"href":"https:\/\/sfassisf.com\/index.php?rest_route=\/wp\/v2\/types\/page"}],"author":[{"embeddable":true,"href":"https:\/\/sfassisf.com\/index.php?rest_route=\/wp\/v2\/users\/1"}],"replies":[{"embeddable":true,"href":"https:\/\/sfassisf.com\/index.php?rest_route=%2Fwp%2Fv2%2Fcomments&post=29"}],"version-history":[{"count":25,"href":"https:\/\/sfassisf.com\/index.php?rest_route=\/wp\/v2\/pages\/29\/revisions"}],"predecessor-version":[{"id":1550,"href":"https:\/\/sfassisf.com\/index.php?rest_route=\/wp\/v2\/pages\/29\/revisions\/1550"}],"up":[{"embeddable":true,"href":"https:\/\/sfassisf.com\/index.php?rest_route=\/wp\/v2\/pages\/74"}],"wp:attachment":[{"href":"https:\/\/sfassisf.com\/index.php?rest_route=%2Fwp%2Fv2%2Fmedia&parent=29"}],"curies":[{"name":"wp","href":"https:\/\/api.w.org\/{rel}","templated":true}]}}