{"id":506,"date":"2023-09-19T11:22:59","date_gmt":"2023-09-19T09:22:59","guid":{"rendered":"http:\/\/sfassisf.com\/?page_id=506"},"modified":"2025-12-16T13:23:24","modified_gmt":"2025-12-16T11:23:24","slug":"viatges-escolars","status":"publish","type":"page","link":"https:\/\/sfassisf.com\/?page_id=506","title":{"rendered":"Viatges escolars"},"content":{"rendered":"<p>La nostra escola t\u00e9 establerts, de fa molts anys, dos viatges escolars. Aquests viatges tenen lloc en finalitzar les dues etapes educatives de Prim\u00e0ria i Secund\u00e0ria.<\/p>\n<h3>Viatge de 6\u00e8 de Prim\u00e0ria<\/h3>\n<p><span style=\"font-weight: 400;\">L\u2019alumnat de 6\u00e8,&nbsp; que espera aquest viatge amb il\u00b7lusi\u00f3, t\u00e9 l\u2019oportunitat de gaudir de les activitats educatives proposades per un grup d\u2019alumnes d\u2019un cicle formatiu d\u2019activitats f\u00edsiques al medi natural. Les cases de col\u00f2nies de Ca Ses Monges, al costat del Santuari&nbsp; de Lluc, ofereixen un lloc privilegiat per realitzar una ruta per la Serra de Tramuntana, i tamb\u00e9 con\u00e8ixer m\u00e9s indrets de Mallorca.<\/span><\/p>\n<h3>Viatge de 4t d&#8217;ESO<\/h3>\n<p>Per altra banda, l&#8217;alumnat de 4t d&#8217;ESO gaudeix cada curs del viatge que s&#8217;organitza des de l&#8217;escola per celebrar el final de la seva etapa educativa al nostre centre.<\/p>\n<p>Les activitats de lleure i esportives, sense menyscabar les visites de car\u00e0cter cultural, vertebren unes jornades on la conviv\u00e8ncia i l&#8217;experi\u00e8ncia de visitar indrets nous per l&#8217;alumnat suposen un fet que, com diu el mateix alumnat, recorden tota la vida.<\/p>\n","protected":false},"excerpt":{"rendered":"<p>La nostra escola t\u00e9 establerts, de fa molts anys, dos viatges escolars. Aquests viatges tenen lloc en finalitzar les dues etapes educatives de Prim\u00e0ria i Secund\u00e0ria. Viatge de 6\u00e8 de Prim\u00e0ria L\u2019alumnat de 6\u00e8,&nbsp; que espera aquest viatge amb il\u00b7lusi\u00f3, t\u00e9 l\u2019oportunitat de gaudir de les activitats educatives proposades per un grup d\u2019alumnes d\u2019un cicle [&hellip;]<\/p>\n","protected":false},"author":1,"featured_media":0,"parent":74,"menu_order":0,"comment_status":"closed","ping_status":"closed","template":"","meta":{"ngg_post_thumbnail":0},"jetpack_sharing_enabled":true,"jetpack_shortlink":"https:\/\/wp.me\/P9f2GC-8a","jetpack-related-posts":[{"id":97,"url":"https:\/\/sfassisf.com\/?page_id=97","url_meta":{"origin":506,"position":0},"title":"Padrins","date":"19\/07\/2017","format":false,"excerpt":"La nostra escola va iniciar ja fa anys diferents programes i activitats agrupades sota el nom com\u00fa de \"Padrins\". Aquestes activitats es basen en la coeducaci\u00f3 i en el guiatge per part de l'alumnat dels cursos superiors envers els m\u00e9s petitons. D'aquesta forma, es duen a terme les seg\u00fcents activitats:\u2026","rel":"","context":"Similar post","img":{"alt_text":"","src":"https:\/\/i0.wp.com\/sfassisf.com\/wp-content\/uploads\/2017\/07\/IMG_3385-1-300x225.jpg?resize=350%2C200","width":350,"height":200},"classes":[]},{"id":510,"url":"https:\/\/sfassisf.com\/?page_id=510","url_meta":{"origin":506,"position":1},"title":"Festivals","date":"28\/05\/2018","format":false,"excerpt":"La nostra escola promou l'expressi\u00f3 art\u00edstica des de moltes vessants diferents, encara que destaquem especialment la import\u00e0ncia de donar a con\u00e8ixer les habilitats adquirides o treballades dins l'horari lectiu. Consideram que l'expressi\u00f3 art\u00edstica \u00e9s fonamental per a la formaci\u00f3 integral de la persona i que li hem de donar cabuda\u2026","rel":"","context":"Similar post","img":{"alt_text":"","src":"","width":0,"height":0},"classes":[]},{"id":1207,"url":"https:\/\/sfassisf.com\/","url_meta":{"origin":506,"position":2},"title":"Curs 2025-2026","date":"16\/09\/2022","format":false,"excerpt":"Benvinguts al curs 2025-2026 de l'escola Sant Francesc d'Ass\u00eds de Ferreries! Aquest curs us proposem iniciar un viatge especial: el viatge de l\u2019aprenentatge. Un cam\u00ed compartit que ens convida a cr\u00e9ixer junts, a descobrir, a experimentar, a equivocar-nos i tornar a comen\u00e7ar, a gaudir de tot all\u00f2 que podem aprendre\u2026","rel":"","context":"Similar post","img":{"alt_text":"","src":"https:\/\/i0.wp.com\/sfassisf.com\/wp-content\/uploads\/2025\/09\/LEMA-25-26-scaled.jpg?resize=350%2C200&ssl=1","width":350,"height":200},"classes":[]},{"id":29,"url":"https:\/\/sfassisf.com\/?page_id=29","url_meta":{"origin":506,"position":3},"title":"Revista Missatger","date":"17\/07\/2017","format":false,"excerpt":"L'alumnat d'ESO elabora, de forma trimestral, una revista per donar a con\u00e8ixer el dia a dia de l'escola. S'hi publiquen produccions de l'alumnat dels diferents cicles educatius, aix\u00ed com informaci\u00f3 sobre sortides i altres activitats duites a terme al nostre centre. Les anirem publicant en aquesta web a mesura que\u2026","rel":"","context":"Similar post","img":{"alt_text":"","src":"","width":0,"height":0},"classes":[]},{"id":81,"url":"https:\/\/sfassisf.com\/?page_id=81","url_meta":{"origin":506,"position":4},"title":"ICAPE (Cooperativa escolar)","date":"18\/07\/2017","format":false,"excerpt":"Un curs m\u00e9s, l'alumnat de 5\u00e8 de prim\u00e0ria ens hem adherit al programa ICAPE sobre emprenedoria.\u00a0 ICAPE \u00e9s un projecte educatiu que impulsa els valors de la persona, les capacitats emprenedores i familiaritza els estudiants amb el concepte de responsabilitat social. L\u2019objectiu general d\u2019ICAPE \u00e9s aconseguir que els alumnes millorin\u2026","rel":"","context":"Similar post","img":{"alt_text":"","src":"","width":0,"height":0},"classes":[]},{"id":1041,"url":"https:\/\/sfassisf.com\/?page_id=1041","url_meta":{"origin":506,"position":5},"title":"Llistats de material curs 2021-2022","date":"08\/06\/2020","format":false,"excerpt":"Aqu\u00ed us presentam els llistats de material per al proper curs 2021-2022. Recordau que poden reutilitzar tot aquell material del curs actual i que considereu que es pot aprofitar. LListat de material P3Llistat de material P4 i P5Llistat de material 1r Educaci\u00f3 Prim\u00e0riaLlistat de material 2n Educaci\u00f3 Prim\u00e0riaLlistat de material\u2026","rel":"","context":"Similar post","img":{"alt_text":"","src":"","width":0,"height":0},"classes":[]}],"_links":{"self":[{"href":"https:\/\/sfassisf.com\/index.php?rest_route=\/wp\/v2\/pages\/506"}],"collection":[{"href":"https:\/\/sfassisf.com\/index.php?rest_route=\/wp\/v2\/pages"}],"about":[{"href":"https:\/\/sfassisf.com\/index.php?rest_route=\/wp\/v2\/types\/page"}],"author":[{"embeddable":true,"href":"https:\/\/sfassisf.com\/index.php?rest_route=\/wp\/v2\/users\/1"}],"replies":[{"embeddable":true,"href":"https:\/\/sfassisf.com\/index.php?rest_route=%2Fwp%2Fv2%2Fcomments&post=506"}],"version-history":[{"count":3,"href":"https:\/\/sfassisf.com\/index.php?rest_route=\/wp\/v2\/pages\/506\/revisions"}],"predecessor-version":[{"id":1545,"href":"https:\/\/sfassisf.com\/index.php?rest_route=\/wp\/v2\/pages\/506\/revisions\/1545"}],"up":[{"embeddable":true,"href":"https:\/\/sfassisf.com\/index.php?rest_route=\/wp\/v2\/pages\/74"}],"wp:attachment":[{"href":"https:\/\/sfassisf.com\/index.php?rest_route=%2Fwp%2Fv2%2Fmedia&parent=506"}],"curies":[{"name":"wp","href":"https:\/\/api.w.org\/{rel}","templated":true}]}}