{"id":510,"date":"2018-05-28T09:09:51","date_gmt":"2018-05-28T07:09:51","guid":{"rendered":"http:\/\/sfassisf.com\/?page_id=510"},"modified":"2025-11-04T16:31:21","modified_gmt":"2025-11-04T14:31:21","slug":"festivals","status":"publish","type":"page","link":"https:\/\/sfassisf.com\/?page_id=510","title":{"rendered":"Festivals"},"content":{"rendered":"<p>La nostra escola promou l&#8217;expressi\u00f3 art\u00edstica des de moltes vessants diferents, encara que destaquem especialment la import\u00e0ncia de donar a con\u00e8ixer les habilitats adquirides o treballades dins l&#8217;horari lectiu. Consideram que l&#8217;expressi\u00f3 art\u00edstica \u00e9s fonamental per a la formaci\u00f3 integral de la persona i que li hem de donar cabuda no tant sols en les sessions convingudes dins l&#8217;horari lectiu, sin\u00f3 que ha de sortir de les aules i mostrar-se al altres. D&#8217;aquesta forma, des dels inicis del nostre centre, impulsem uns festivals on l&#8217;alumnat n&#8217;\u00e9s el protagonista absolut.&nbsp;<\/p>\n<p>Aix\u00ed, proposam dos festivals anuals, en els quals l&#8217;alumnat de les tres etapes educatives pot mostrar la seva v\u00e0lua art\u00edstica. En acabar el primer trimestre oferim el Festival de Nadal, en el que participa alumnat de totes les etapes i el mes de maig t\u00e9 lloc el Festival de Secund\u00e0ria. A final de curs, l&#8217;escola infantil i l&#8217;etapa prim\u00e0ria prepara la festa d&#8217;estiu.<\/p>\n<p>Els objectius generals que ens proposem amb aquests festivals s\u00f3n:<\/p>\n<ul>\n<li>Valorar i gaudir de la interacci\u00f3 en el grup, participant conjuntament en la planificaci\u00f3 de les activitats i de la producci\u00f3 per crear un sentit de comunitat, desenvolupant una relaci\u00f3 de confian\u00e7a en la din\u00e0mica de les activitats i compartint amb els companys i les companyes idees, valoracions i projectes.&nbsp;<\/li>\n<li>Valorar i respectar el fet art\u00edstic propi i dels altres entenent que \u00e9s una manera de comunicar-se i d\u2019expressar els sentiments, les descobertes, les capacitats i peculiaritats de cadasc\u00fa. Apreciar que les experi\u00e8ncies culturals pr\u00f2pies i les dels companys i companyes esdevenen un espai de di\u00e0leg i enriquiment.<\/li>\n<li>Participar, generar i afavorir l\u2019intercanvi d\u2019opinions, experi\u00e8ncies, idees i valoracions i incorporar en el proc\u00e9s creatiu propi i dels altres aspectes de la pr\u00f2pia experi\u00e8ncia o inquietud.<\/li>\n<li>Experimentar i indagar en les possibilitats expressives del so, de la imatge i del moviment i apreciar que l\u2019art \u00e9s una manera de donar forma a les experi\u00e8ncies, a les idees i a les emocions.<\/li>\n<\/ul>\n<p>Per\u00f2 sobretot, el que pretenem \u00e9s fer passar una estona agradable a les fam\u00edlies i que l&#8217;alumnat gaudeixi de l&#8217;experi\u00e8ncia de sentir-se artista!<\/p>\n","protected":false},"excerpt":{"rendered":"<p>La nostra escola promou l&#8217;expressi\u00f3 art\u00edstica des de moltes vessants diferents, encara que destaquem especialment la import\u00e0ncia de donar a con\u00e8ixer les habilitats adquirides o treballades dins l&#8217;horari lectiu. Consideram que l&#8217;expressi\u00f3 art\u00edstica \u00e9s fonamental per a la formaci\u00f3 integral de la persona i que li hem de donar cabuda no tant sols en les [&hellip;]<\/p>\n","protected":false},"author":1,"featured_media":0,"parent":74,"menu_order":0,"comment_status":"closed","ping_status":"closed","template":"","meta":{"ngg_post_thumbnail":0},"jetpack_sharing_enabled":true,"jetpack_shortlink":"https:\/\/wp.me\/P9f2GC-8e","jetpack-related-posts":[{"id":1339,"url":"https:\/\/sfassisf.com\/?page_id=1339","url_meta":{"origin":510,"position":0},"title":"Servei de menjador","date":"15\/05\/2024","format":false,"excerpt":"Benvolgudes fam\u00edlies, a partir del proper dia 10 de setembre es posa en marxa el servei de menjador. A continuaci\u00f3 us detallam m\u00e9s informaci\u00f3 per si \u00e9s del vostre inter\u00e8s fer-ne \u00fas durant el curs. SERVEI DE MENJADORL\u2019horari \u00e9s de les 13:30h a les 15:00h per a l\u2019alumnat d\u2019infantil i\u2026","rel":"","context":"Similar post","img":{"alt_text":"","src":"","width":0,"height":0},"classes":[]},{"id":1462,"url":"https:\/\/sfassisf.com\/?page_id=1462","url_meta":{"origin":510,"position":1},"title":"Extraescolars","date":"07\/09\/2025","format":false,"excerpt":"Benvolgudes fam\u00edlies, a partir del proper dia 10 de setembre es posa en marxa el servei d'extraescolars. A continuaci\u00f3 us detallam m\u00e9s informaci\u00f3 per si \u00e9s del vostre inter\u00e8s fer-ne \u00fas durant el curs. SERVEI D\u2019EXTRAESCOLARSL\u2019horari \u00e9s de les 15h a les 16h.Preu 40\u20ac mensuals 4 dies a la setmana\u2026","rel":"","context":"Similar post","img":{"alt_text":"","src":"","width":0,"height":0},"classes":[]},{"id":1212,"url":"https:\/\/sfassisf.com\/?page_id=1212","url_meta":{"origin":510,"position":2},"title":"Programa &#8220;Fora de s\u00e8rie&#8221;","date":"03\/10\/2022","format":false,"excerpt":"Un curs m\u00e9s, i amb la col\u00b7laboraci\u00f3 d'un comer\u00e7 del poble, posam en marxa el programa \"Fora de s\u00e8rie\". L'activitat principal del programa consisteix en que un divendres de cada mes, un comer\u00e7 ens fa arribar aquella fruita que per les seves caracter\u00edstiques est\u00e8tiques no segueix els est\u00e0ndards comercials i\u2026","rel":"","context":"Similar post","img":{"alt_text":"","src":"https:\/\/i0.wp.com\/sfassisf.com\/wp-content\/uploads\/2022\/10\/image.png?resize=350%2C200&ssl=1","width":350,"height":200},"classes":[]},{"id":1334,"url":"https:\/\/sfassisf.com\/?page_id=1334","url_meta":{"origin":510,"position":3},"title":"Escola Matinera","date":"15\/05\/2024","format":false,"excerpt":"Benvolgudes fam\u00edlies, a partir del proper dia 10 de setembre es posa en marxa el servei d\u2019escolamatinera. A continuaci\u00f3 us detallam m\u00e9s informaci\u00f3 per si \u00e9s del vostre inter\u00e8s fer-ne \u00fas durant el curs. SERVEI D\u2019ESCOLA MATINERAL\u2019horari \u00e9s de 7:30h a 8:30h.Preu 35\u20ac mensuals.Dies espor\u00e0dics 3\u20ac per dia.Dirigit a l\u2019alumnat\u2026","rel":"","context":"Similar post","img":{"alt_text":"","src":"","width":0,"height":0},"classes":[]},{"id":29,"url":"https:\/\/sfassisf.com\/?page_id=29","url_meta":{"origin":510,"position":4},"title":"Revista Missatger","date":"17\/07\/2017","format":false,"excerpt":"L'alumnat d'ESO elabora, de forma trimestral, una revista per donar a con\u00e8ixer el dia a dia de l'escola. S'hi publiquen produccions de l'alumnat dels diferents cicles educatius, aix\u00ed com informaci\u00f3 sobre sortides i altres activitats duites a terme al nostre centre. Les anirem publicant en aquesta web a mesura que\u2026","rel":"","context":"Similar post","img":{"alt_text":"","src":"","width":0,"height":0},"classes":[]},{"id":506,"url":"https:\/\/sfassisf.com\/?page_id=506","url_meta":{"origin":510,"position":5},"title":"Viatges escolars","date":"19\/09\/2023","format":false,"excerpt":"La nostra escola t\u00e9 establerts, de fa molts anys, dos viatges escolars. Aquests viatges tenen lloc en finalitzar les dues etapes educatives de Prim\u00e0ria i Secund\u00e0ria. Viatge de 6\u00e8 de Prim\u00e0ria L\u2019alumnat de 6\u00e8,\u00a0 que espera aquest viatge amb il\u00b7lusi\u00f3, t\u00e9 l\u2019oportunitat de gaudir de les activitats educatives proposades per\u2026","rel":"","context":"Similar post","img":{"alt_text":"","src":"","width":0,"height":0},"classes":[]}],"_links":{"self":[{"href":"https:\/\/sfassisf.com\/index.php?rest_route=\/wp\/v2\/pages\/510"}],"collection":[{"href":"https:\/\/sfassisf.com\/index.php?rest_route=\/wp\/v2\/pages"}],"about":[{"href":"https:\/\/sfassisf.com\/index.php?rest_route=\/wp\/v2\/types\/page"}],"author":[{"embeddable":true,"href":"https:\/\/sfassisf.com\/index.php?rest_route=\/wp\/v2\/users\/1"}],"replies":[{"embeddable":true,"href":"https:\/\/sfassisf.com\/index.php?rest_route=%2Fwp%2Fv2%2Fcomments&post=510"}],"version-history":[{"count":4,"href":"https:\/\/sfassisf.com\/index.php?rest_route=\/wp\/v2\/pages\/510\/revisions"}],"predecessor-version":[{"id":1525,"href":"https:\/\/sfassisf.com\/index.php?rest_route=\/wp\/v2\/pages\/510\/revisions\/1525"}],"up":[{"embeddable":true,"href":"https:\/\/sfassisf.com\/index.php?rest_route=\/wp\/v2\/pages\/74"}],"wp:attachment":[{"href":"https:\/\/sfassisf.com\/index.php?rest_route=%2Fwp%2Fv2%2Fmedia&parent=510"}],"curies":[{"name":"wp","href":"https:\/\/api.w.org\/{rel}","templated":true}]}}