{"id":52,"date":"2017-07-18T19:22:21","date_gmt":"2017-07-18T17:22:21","guid":{"rendered":"http:\/\/sfassisf.com\/?page_id=52"},"modified":"2020-05-28T12:07:07","modified_gmt":"2020-05-28T10:07:07","slug":"qui-som","status":"publish","type":"page","link":"https:\/\/sfassisf.com\/?page_id=52","title":{"rendered":"El centre"},"content":{"rendered":"<p><b>MISSI\u00d3<\/b><\/p>\n<ol>\n<li style=\"font-weight: 400;\"><span style=\"font-weight: 400;\">Oferir una educaci\u00f3 integral \u2013la qual abasti el desenvolupament f\u00edsic, intel\u00b7lectual, afectiu i social- arrelada en els valors propis de la concepci\u00f3 cristiana de l\u2019home, de la vida i del m\u00f3n i que es basa en la import\u00e0ncia de la filosofia de l\u2019ESSER i no del tenir, per potenciar els valors socials, religiosos i culturals; i que afavoreixi una actitud de respecte vers les altres creences i manifestacions culturals que es poden presentar dins i fora de la Comunitat Educativa.<\/span><\/li>\n<li style=\"font-weight: 400;\"><span style=\"font-weight: 400;\">Educar per facilitar a l\u2019alumnat el creixement cognitiu i afectiu, la inserci\u00f3 i el servei en la realitat sociocultural, espec\u00edficament en la vida del poble.<\/span><\/li>\n<li style=\"font-weight: 400;\"><span style=\"font-weight: 400;\">Educar en i per a la diversitat, fomentant l\u2019acceptaci\u00f3 d\u2019un mateix i dels altres. Estar oberts a tothom amb actitud d\u2019acollida i respecte, assumint la integraci\u00f3 de tot l\u2019alumnat i oferint una educaci\u00f3 personalitzada.<\/span><\/li>\n<li style=\"font-weight: 400;\"><span style=\"font-weight: 400;\">Afavorir la formaci\u00f3 en el respecte dels drets i llibertats fonamentals i en l\u2019exercici de la toler\u00e0ncia i de la llibertat en el marc dels principis democr\u00e0tics de conviv\u00e8ncia.<\/span><\/li>\n<li style=\"font-weight: 400;\"><span style=\"font-weight: 400;\">Potenciar la participaci\u00f3 i formaci\u00f3 de tota la Comunitat Educativa dintre de la vida de l\u2019Escola.<\/span><\/li>\n<li style=\"font-weight: 400;\"><span style=\"font-weight: 400;\">Oferir-nos com una comunitat pedag\u00f2gica basada en els principis d\u2019una metodologia oberta i flexible, activa i creativa, participativa i plural, i que integra els eixos fe \u2013 cultura \u2013 vida.<\/span><\/li>\n<li style=\"font-weight: 400;\"><span style=\"font-weight: 400;\">Impartir l\u2019ensenyament en catal\u00e0 en tots els nivells educatius i promoure l\u2019estima i la defensa de la nostra llengua, cultura i el nostre marc geogr\u00e0fic.<\/span><\/li>\n<li style=\"font-weight: 400;\"><span style=\"font-weight: 400;\">Fomentar la consci\u00e8ncia de pert\u00e0nyer a una \u00fanica humanitat i una actitud de respecte i d\u2019obertura a la diversitat sociocultural.<\/span><\/li>\n<\/ol>\n<p><b>VISI\u00d3<\/b><\/p>\n<p><span style=\"font-weight: 400;\">Volem ser una escola que:<\/span><\/p>\n<ol>\n<li style=\"font-weight: 400;\"><span style=\"font-weight: 400;\">Sigui constant en l\u2019atenci\u00f3 a l\u2019alumnat, intentant respondre a les seves necessitats educatives i personals.<\/span><\/li>\n<li style=\"font-weight: 400;\"><span style=\"font-weight: 400;\">Mantengui unes relacions estretes i flu\u00efdes amb les fam\u00edlies per tal d\u2019afavorir una mateixa l\u00ednia educativa en el dia a dia de la vida de l\u2019alumne\/a.<\/span><\/li>\n<li style=\"font-weight: 400;\"><span style=\"font-weight: 400;\">Sigui una Comunitat oberta i compromesa amb l\u2019entorn natural i social.<\/span><\/li>\n<li style=\"font-weight: 400;\"><span style=\"font-weight: 400;\">Disposi d\u2019un equip hum\u00e0 adaptable als canvis socials, a les necessitats &nbsp;de la comunitat educativa, en continua progressi\u00f3 professional i humana.<\/span><\/li>\n<\/ol>\n<p><b>VALORS<\/b><\/p>\n<p><span style=\"font-weight: 400;\">Som una escola &nbsp;en la qual:<\/span><\/p>\n<ol>\n<li style=\"font-weight: 400;\"><span style=\"font-weight: 400;\">Els alumnes s\u00f3n els principals protagonistes del propi creixement, que facilita la seva participaci\u00f3 en la vida del centre assumint drets i responsabilitats d\u2019acord amb les caracter\u00edstiques de l\u2019edat.<\/span><\/li>\n<li style=\"font-weight: 400;\"><span style=\"font-weight: 400;\">L\u2019equip docent est\u00e0 il\u00b7lusionat, preparat, \u00e9s treballador, responsable i estable (professionals vocacionals).<\/span><\/li>\n<li style=\"font-weight: 400;\"><span style=\"font-weight: 400;\">Es fomenten les sortides, festes, visites i col\u00f2nies, lligades amb l\u2019entorn i el curr\u00edculum dels alumnes.<\/span><\/li>\n<li style=\"font-weight: 400;\"><span style=\"font-weight: 400;\">Hi ha un clima de conviv\u00e8ncia agradable i dialogant.<\/span><\/li>\n<li style=\"font-weight: 400;\"><span style=\"font-weight: 400;\">Es facilita i impulsa el reciclatge i la formaci\u00f3 permanent del professorat.<\/span><\/li>\n<li style=\"font-weight: 400;\"><span style=\"font-weight: 400;\">S\u2019imparteix l\u2019ensenyament en catal\u00e0 en tots els nivells educatius i que promou l\u2019estima per la nostra cultura i el nostre marc geogr\u00e0fic.<\/span><\/li>\n<li style=\"font-weight: 400;\"><span style=\"font-weight: 400;\">Es treballa per a la diversitat sociocultural del seu alumnat i afavoreix la seva integraci\u00f3 i participaci\u00f3 en la Comunitat Educativa.<\/span><\/li>\n<li style=\"font-weight: 400;\"><span style=\"font-weight: 400;\">Es disposa d\u2019un bon nivell de participaci\u00f3 i col\u00b7laboraci\u00f3 de les fam\u00edlies en la vida del centre.<\/span><\/li>\n<li style=\"font-weight: 400;\"><span style=\"font-weight: 400;\">Hi ha un departament d\u2019Orientaci\u00f3 Educativa comprom\u00e8s, responsable, experimentat i competent.<\/span><\/li>\n<li style=\"font-weight: 400;\"><span style=\"font-weight: 400;\">S\u2019educa per a la sostenibilitat, potenciant la reducci\u00f3, el reciclatge i la reutilitzaci\u00f3 dels materials.<\/span><\/li>\n<li style=\"font-weight: 400;\"><span style=\"font-weight: 400;\">S\u2019afavoreix &nbsp;l\u2019educaci\u00f3 per al desenvolupament.<\/span><\/li>\n<li style=\"font-weight: 400;\"><span style=\"font-weight: 400;\">Es disposa d\u2019unes instal\u00b7lacions adequades a la normativa vigent, sense barreres arquitect\u00f2niques, amb aules acollidores i ben equipades; aula d\u2019inform\u00e0tica, aula de m\u00fasica i d\u2019audiovisuals&#8230;<\/span><\/li>\n<\/ol>\n","protected":false},"excerpt":{"rendered":"<p>MISSI\u00d3 Oferir una educaci\u00f3 integral \u2013la qual abasti el desenvolupament f\u00edsic, intel\u00b7lectual, afectiu i social- arrelada en els valors propis de la concepci\u00f3 cristiana de l\u2019home, de la vida i del m\u00f3n i que es basa en la import\u00e0ncia de la filosofia de l\u2019ESSER i no del tenir, per potenciar els valors socials, religiosos i [&hellip;]<\/p>\n","protected":false},"author":1,"featured_media":0,"parent":0,"menu_order":0,"comment_status":"closed","ping_status":"closed","template":"","meta":{"ngg_post_thumbnail":0},"jetpack_sharing_enabled":true,"jetpack_shortlink":"https:\/\/wp.me\/P9f2GC-Q","jetpack-related-posts":[{"id":510,"url":"https:\/\/sfassisf.com\/?page_id=510","url_meta":{"origin":52,"position":0},"title":"Festivals","date":"28\/05\/2018","format":false,"excerpt":"La nostra escola promou l'expressi\u00f3 art\u00edstica des de moltes vessants diferents, encara que destaquem especialment la import\u00e0ncia de donar a con\u00e8ixer les habilitats adquirides o treballades dins l'horari lectiu. Consideram que l'expressi\u00f3 art\u00edstica \u00e9s fonamental per a la formaci\u00f3 integral de la persona i que li hem de donar cabuda\u2026","rel":"","context":"Similar post","img":{"alt_text":"","src":"","width":0,"height":0},"classes":[]},{"id":81,"url":"https:\/\/sfassisf.com\/?page_id=81","url_meta":{"origin":52,"position":1},"title":"ICAPE (Cooperativa escolar)","date":"18\/07\/2017","format":false,"excerpt":"Un curs m\u00e9s, l'alumnat de 5\u00e8 de prim\u00e0ria ens hem adherit al programa ICAPE sobre emprenedoria.\u00a0 ICAPE \u00e9s un projecte educatiu que impulsa els valors de la persona, les capacitats emprenedores i familiaritza els estudiants amb el concepte de responsabilitat social. L\u2019objectiu general d\u2019ICAPE \u00e9s aconseguir que els alumnes millorin\u2026","rel":"","context":"Similar post","img":{"alt_text":"","src":"","width":0,"height":0},"classes":[]},{"id":29,"url":"https:\/\/sfassisf.com\/?page_id=29","url_meta":{"origin":52,"position":2},"title":"Revista Missatger","date":"17\/07\/2017","format":false,"excerpt":"L'alumnat d'ESO elabora, de forma trimestral, una revista per donar a con\u00e8ixer el dia a dia de l'escola. S'hi publiquen produccions de l'alumnat dels diferents cicles educatius, aix\u00ed com informaci\u00f3 sobre sortides i altres activitats duites a terme al nostre centre. Les anirem publicant en aquesta web a mesura que\u2026","rel":"","context":"Similar post","img":{"alt_text":"","src":"","width":0,"height":0},"classes":[]},{"id":1339,"url":"https:\/\/sfassisf.com\/?page_id=1339","url_meta":{"origin":52,"position":3},"title":"Servei de menjador","date":"15\/05\/2024","format":false,"excerpt":"Benvolgudes fam\u00edlies, a partir del proper dia 10 de setembre es posa en marxa el servei de menjador. A continuaci\u00f3 us detallam m\u00e9s informaci\u00f3 per si \u00e9s del vostre inter\u00e8s fer-ne \u00fas durant el curs. SERVEI DE MENJADORL\u2019horari \u00e9s de les 13:30h a les 15:00h per a l\u2019alumnat d\u2019infantil i\u2026","rel":"","context":"Similar post","img":{"alt_text":"","src":"","width":0,"height":0},"classes":[]},{"id":1041,"url":"https:\/\/sfassisf.com\/?page_id=1041","url_meta":{"origin":52,"position":4},"title":"Llistats de material curs 2021-2022","date":"08\/06\/2020","format":false,"excerpt":"Aqu\u00ed us presentam els llistats de material per al proper curs 2021-2022. Recordau que poden reutilitzar tot aquell material del curs actual i que considereu que es pot aprofitar. LListat de material P3Llistat de material P4 i P5Llistat de material 1r Educaci\u00f3 Prim\u00e0riaLlistat de material 2n Educaci\u00f3 Prim\u00e0riaLlistat de material\u2026","rel":"","context":"Similar post","img":{"alt_text":"","src":"","width":0,"height":0},"classes":[]},{"id":1212,"url":"https:\/\/sfassisf.com\/?page_id=1212","url_meta":{"origin":52,"position":5},"title":"Programa &#8220;Fora de s\u00e8rie&#8221;","date":"03\/10\/2022","format":false,"excerpt":"Un curs m\u00e9s, i amb la col\u00b7laboraci\u00f3 d'un comer\u00e7 del poble, posam en marxa el programa \"Fora de s\u00e8rie\". L'activitat principal del programa consisteix en que un divendres de cada mes, un comer\u00e7 ens fa arribar aquella fruita que per les seves caracter\u00edstiques est\u00e8tiques no segueix els est\u00e0ndards comercials i\u2026","rel":"","context":"Similar post","img":{"alt_text":"","src":"https:\/\/i0.wp.com\/sfassisf.com\/wp-content\/uploads\/2022\/10\/image.png?resize=350%2C200&ssl=1","width":350,"height":200},"classes":[]}],"_links":{"self":[{"href":"https:\/\/sfassisf.com\/index.php?rest_route=\/wp\/v2\/pages\/52"}],"collection":[{"href":"https:\/\/sfassisf.com\/index.php?rest_route=\/wp\/v2\/pages"}],"about":[{"href":"https:\/\/sfassisf.com\/index.php?rest_route=\/wp\/v2\/types\/page"}],"author":[{"embeddable":true,"href":"https:\/\/sfassisf.com\/index.php?rest_route=\/wp\/v2\/users\/1"}],"replies":[{"embeddable":true,"href":"https:\/\/sfassisf.com\/index.php?rest_route=%2Fwp%2Fv2%2Fcomments&post=52"}],"version-history":[{"count":3,"href":"https:\/\/sfassisf.com\/index.php?rest_route=\/wp\/v2\/pages\/52\/revisions"}],"predecessor-version":[{"id":1284,"href":"https:\/\/sfassisf.com\/index.php?rest_route=\/wp\/v2\/pages\/52\/revisions\/1284"}],"wp:attachment":[{"href":"https:\/\/sfassisf.com\/index.php?rest_route=%2Fwp%2Fv2%2Fmedia&parent=52"}],"curies":[{"name":"wp","href":"https:\/\/api.w.org\/{rel}","templated":true}]}}