{"id":54,"date":"2017-07-18T19:35:22","date_gmt":"2017-07-18T17:35:22","guid":{"rendered":"http:\/\/sfassisf.com\/?page_id=54"},"modified":"2025-12-02T18:25:10","modified_gmt":"2025-12-02T16:25:10","slug":"oferta-educativa","status":"publish","type":"page","link":"https:\/\/sfassisf.com\/?page_id=54","title":{"rendered":"Oferta educativa"},"content":{"rendered":"<p>La nostra escola t\u00e9 el privilegi de poder oferir l&#8217;ensenyament obligatori en la seva totalitat. \u00c9s a dir, desde l&#8217;etapa d&#8217;educaci\u00f3 infantil fins a la finalitzaci\u00f3 de la ESO.<\/p>\n<p>Les tutories queden establertes de la seg\u00fcent forma per al curs 2025\/2026:<\/p>\n<h3><strong>Educaci\u00f3 Infantil&nbsp;3-6 (EI)<\/strong><\/h3>\n<ul>\n<li>Tutora&nbsp;P3 \u2192 Marga Janer Mart\u00ed<\/li>\n<li>Tutora&nbsp;P4 \u2192 Isabel Coll Morl\u00e0<\/li>\n<li>Tutora&nbsp;P5 \u2192 <span style=\"font-weight: 400;\">\u00darsula Pons Mart\u00ed<\/span><\/li>\n<\/ul>\n<h3><strong>Educaci\u00f3 Prim\u00e0ria&nbsp;(EP)<\/strong><\/h3>\n<ul>\n<li>Tutora&nbsp;1r \u2192 <span style=\"font-weight: 400;\">Rita Ruesca Gomila<\/span><\/li>\n<li>Tutora&nbsp;2n \u2192 Dora Gomila Sales<\/li>\n<li>Tutora&nbsp;3r \u2192 Roser Gomila Sales<\/li>\n<li>Tutora&nbsp;4t \u2192 <span style=\"font-weight: 400;\">\u00c0ngels Llufriu Huguet<\/span>&nbsp;<\/li>\n<li>Tutora&nbsp;5\u00e8 \u2192 <span style=\"font-weight: 400;\">Roser Vinent Segu\u00ed<\/span><\/li>\n<li>Tutor 6\u00e8 \u2192 <span style=\"font-weight: 400;\">Arnau Rodr\u00edguez Pons<\/span><\/li>\n<\/ul>\n<h3><strong>Educaci\u00f3 Secund\u00e0ria Obligat\u00f2ria&nbsp;(ESO)<\/strong><\/h3>\n<ul>\n<li>Tutor 1r \u2192 Sito Pons Mart\u00ed<\/li>\n<li>Tutor 2n \u2192 <span style=\"font-weight: 400;\">Mois\u00e8s Coll Marqu\u00e8s<\/span><\/li>\n<li>Tutora&nbsp;3r \u2192 Sita Petrus Petrus<\/li>\n<li>Tutora&nbsp;4t \u2192 Gl\u00f2ria Marqu\u00e8s Herrera<\/li>\n<\/ul>\n<p>Per altra banda, el Claustre de professorat es completa amb els seg\u00fcents professionals:<\/p>\n<ul>\n<li>Suport a EI \u2192 N\u00faria Pons Monjo \/ Vicky Mascar\u00f3 Pic\u00f3<\/li>\n<li>Mestra de Psicomotricitat a EI \u2192 Sandra Mercadal Truyol&nbsp;<\/li>\n<li>Mestra de Llengua Anglesa a EI \u2192 T\u00f2nia Torres Sans i Marga Janer Mart\u00ed<\/li>\n<li>Especialista en Educaci\u00f3 F\u00edsica a EP \u2192 Ana Zarralanga Petriz i <span style=\"font-weight: 400;\">Arnau Rodr\u00edguez Pons<\/span><\/li>\n<li>Especialista en Llengua Anglesa a EP \u2192 T\u00f2nia Torres Sans<\/li>\n<li>Mestra de Religi\u00f3 a EP \u2192 <span style=\"font-weight: 400;\">Susana Mart\u00ed Pons<\/span><\/li>\n<li>Coneixement del Medi a 4t i 6\u00e8 i Pl\u00e0stica de 6\u00e8 a EP \u2192 Meritxell Argelagu\u00e9s Febrer<\/li>\n<li>Matem\u00e0tiques a ESO \u2192 Laura Barber Florit<\/li>\n<li>Biologia i Geologia i F\u00edsica i Qu\u00edmica a ESO \u2192 Mois\u00e8s Coll Marqu\u00e8s<\/li>\n<li>Tecnologia i Digitalitzaci\u00f3 a ESO \u2192 Andreu Genestar Torres<\/li>\n<li>Educaci\u00f3 F\u00edsica a ESO \u2192 Pere Pons Bagur<\/li>\n<li>Ed. Pl\u00e0stica, Visual i Audiovisual i Exp. Art\u00edstica a ESO \u2192 Sisca Saura Salord<\/li>\n<li>Llengua Anglesa a ESO \u2192 Joan Pons Mart\u00ed<\/li>\n<li>M\u00fasica a ESO \u2192 Laura Camps Ced\u00f3<\/li>\n<li>Llengua Catalana i Literatura i Llat\u00ed a ESO \u2192&nbsp;&nbsp;Gloria Marqu\u00e8s Herrera&nbsp;<\/li>\n<li>Llengua Castellana i Literatura i Itali\u00e0 a ESO \u2192 Sita Petrus Petrus<\/li>\n<li>Geografia i Hist\u00f2ria, C.Cl\u00e0ssica i Cooperaci\u00f3 a ESO \u2192 Sito Pons Mart\u00ed<\/li>\n<li>Professora de Religi\u00f3 a ESO \u2192 Isabel Carreras Pons<\/li>\n<\/ul>\n<h3><strong>El Departament d&#8217;Orientaci\u00f3<\/strong><\/h3>\n<ul>\n<li>Orientadora EI i EP <span class=\"zf5Qv\">\u2192 <\/span>Rosa Florit Barber<\/li>\n<li>Orientadora ESO <span class=\"zf5Qv\">\u2192 <\/span>Isabel Carreras Pons<\/li>\n<li>AL \u2192 Adri\u00e0 Prado Lliteras \/ Sandra Guti\u00e9rrez Fernandez<\/li>\n<li>ATE \u2192 Andrea Bosch Paredes i N\u00faria Janer Pons<\/li>\n<li><span class=\"zf5Qv\">Psic\u00f2loga educativa \u2192 L\u00eddia Anglada Bagur<\/span><\/li>\n<\/ul>\n","protected":false},"excerpt":{"rendered":"<p>La nostra escola t\u00e9 el privilegi de poder oferir l&#8217;ensenyament obligatori en la seva totalitat. \u00c9s a dir, desde l&#8217;etapa d&#8217;educaci\u00f3 infantil fins a la finalitzaci\u00f3 de la ESO. Les tutories queden establertes de la seg\u00fcent forma per al curs 2025\/2026: Educaci\u00f3 Infantil&nbsp;3-6 (EI) Tutora&nbsp;P3 \u2192 Marga Janer Mart\u00ed Tutora&nbsp;P4 \u2192 Isabel Coll Morl\u00e0 Tutora&nbsp;P5 [&hellip;]<\/p>\n","protected":false},"author":1,"featured_media":0,"parent":52,"menu_order":0,"comment_status":"closed","ping_status":"closed","template":"","meta":{"ngg_post_thumbnail":0},"jetpack_sharing_enabled":true,"jetpack_shortlink":"https:\/\/wp.me\/P9f2GC-S","jetpack-related-posts":[{"id":86,"url":"https:\/\/sfassisf.com\/?page_id=86","url_meta":{"origin":54,"position":0},"title":"Contacte","date":"18\/07\/2017","format":false,"excerpt":"Edifici Principal C\/ Beat Joan Huguet, 1107750 - Ferreries - MenorcaAdministraci\u00f3: sfassisf@sfassisf.comTel\u00e8fon administraci\u00f3: 971373190 Edifici Educaci\u00f3 Infantil Pla\u00e7a d'Espanya, 3Tel\u00e8fon: 971 155 169 Horari d'atenci\u00f3 al p\u00fablic De dilluns a divendres de 08:00 a 14:00Dilluns i dimarts de 16:00 a 18:00","rel":"","context":"Similar post","img":{"alt_text":"","src":"","width":0,"height":0},"classes":[]},{"id":1041,"url":"https:\/\/sfassisf.com\/?page_id=1041","url_meta":{"origin":54,"position":1},"title":"Llistats de material curs 2021-2022","date":"08\/06\/2020","format":false,"excerpt":"Aqu\u00ed us presentam els llistats de material per al proper curs 2021-2022. Recordau que poden reutilitzar tot aquell material del curs actual i que considereu que es pot aprofitar. LListat de material P3Llistat de material P4 i P5Llistat de material 1r Educaci\u00f3 Prim\u00e0riaLlistat de material 2n Educaci\u00f3 Prim\u00e0riaLlistat de material\u2026","rel":"","context":"Similar post","img":{"alt_text":"","src":"","width":0,"height":0},"classes":[]},{"id":78,"url":"https:\/\/sfassisf.com\/?page_id=78","url_meta":{"origin":54,"position":2},"title":"Organigrama","date":"18\/07\/2017","format":false,"excerpt":"L'equip directiu L'equip directiu del nostre centre est\u00e0 compost pels seg\u00fcents c\u00e0rrecs: Direcci\u00f3 acad\u00e8mica: Joan Pons Mart\u00ed Cap d'estudis: Sandra Mercadal Truyol Cap de pastoral: Susana Mart\u00ed Pons Secret\u00e0ria: \u00c0ngels Llufriu Huguet Representant del titular: Guillem Ferrer Monjo","rel":"","context":"Similar post","img":{"alt_text":"","src":"https:\/\/i0.wp.com\/sfassisf.com\/wp-content\/uploads\/2025\/12\/Equip-directiu-2025-26-1.jpg?resize=350%2C200&ssl=1","width":350,"height":200},"classes":[]},{"id":997,"url":"https:\/\/sfassisf.com\/?page_id=997","url_meta":{"origin":54,"position":3},"title":"COVID-19","date":"08\/05\/2020","format":false,"excerpt":"Ateses les cont\u00ednues, i a vegades contradict\u00f2ries, informacions que arriben a trav\u00e9s dels mitjans de comunicaci\u00f3, us adrecem a la web oficial de la Conselleria d'Educaci\u00f3. All\u00e0 hi podreu trobar les darreres informacions referents a la situaci\u00f3 excepcional que estem vivint, aix\u00ed com les novetats referents a educaci\u00f3. GOIB -Conselleria\u2026","rel":"","context":"Similar post","img":{"alt_text":"","src":"","width":0,"height":0},"classes":[]},{"id":52,"url":"https:\/\/sfassisf.com\/?page_id=52","url_meta":{"origin":54,"position":4},"title":"El centre","date":"18\/07\/2017","format":false,"excerpt":"MISSI\u00d3 Oferir una educaci\u00f3 integral \u2013la qual abasti el desenvolupament f\u00edsic, intel\u00b7lectual, afectiu i social- arrelada en els valors propis de la concepci\u00f3 cristiana de l\u2019home, de la vida i del m\u00f3n i que es basa en la import\u00e0ncia de la filosofia de l\u2019ESSER i no del tenir, per potenciar\u2026","rel":"","context":"Similar post","img":{"alt_text":"","src":"","width":0,"height":0},"classes":[]},{"id":97,"url":"https:\/\/sfassisf.com\/?page_id=97","url_meta":{"origin":54,"position":5},"title":"Padrins","date":"19\/07\/2017","format":false,"excerpt":"La nostra escola va iniciar ja fa anys diferents programes i activitats agrupades sota el nom com\u00fa de \"Padrins\". Aquestes activitats es basen en la coeducaci\u00f3 i en el guiatge per part de l'alumnat dels cursos superiors envers els m\u00e9s petitons. D'aquesta forma, es duen a terme les seg\u00fcents activitats:\u2026","rel":"","context":"Similar post","img":{"alt_text":"","src":"https:\/\/i0.wp.com\/sfassisf.com\/wp-content\/uploads\/2017\/07\/IMG_3385-1-300x225.jpg?resize=350%2C200","width":350,"height":200},"classes":[]}],"_links":{"self":[{"href":"https:\/\/sfassisf.com\/index.php?rest_route=\/wp\/v2\/pages\/54"}],"collection":[{"href":"https:\/\/sfassisf.com\/index.php?rest_route=\/wp\/v2\/pages"}],"about":[{"href":"https:\/\/sfassisf.com\/index.php?rest_route=\/wp\/v2\/types\/page"}],"author":[{"embeddable":true,"href":"https:\/\/sfassisf.com\/index.php?rest_route=\/wp\/v2\/users\/1"}],"replies":[{"embeddable":true,"href":"https:\/\/sfassisf.com\/index.php?rest_route=%2Fwp%2Fv2%2Fcomments&post=54"}],"version-history":[{"count":34,"href":"https:\/\/sfassisf.com\/index.php?rest_route=\/wp\/v2\/pages\/54\/revisions"}],"predecessor-version":[{"id":1539,"href":"https:\/\/sfassisf.com\/index.php?rest_route=\/wp\/v2\/pages\/54\/revisions\/1539"}],"up":[{"embeddable":true,"href":"https:\/\/sfassisf.com\/index.php?rest_route=\/wp\/v2\/pages\/52"}],"wp:attachment":[{"href":"https:\/\/sfassisf.com\/index.php?rest_route=%2Fwp%2Fv2%2Fmedia&parent=54"}],"curies":[{"name":"wp","href":"https:\/\/api.w.org\/{rel}","templated":true}]}}