{"id":74,"date":"2017-07-18T20:10:31","date_gmt":"2017-07-18T18:10:31","guid":{"rendered":"http:\/\/sfassisf.com\/?page_id=74"},"modified":"2022-03-31T16:37:46","modified_gmt":"2022-03-31T14:37:46","slug":"programes-i-projectes","status":"publish","type":"page","link":"https:\/\/sfassisf.com\/?page_id=74","title":{"rendered":"Programes i projectes"},"content":{"rendered":"\n<p>En aquesta secci\u00f3 hi trobareu algus dels programes i dels projectes que tenim engegats a l&#8217;escola i que formen part de la visi\u00f3 que tenim de l&#8217;educaci\u00f3 global i competencial.<\/p>\n","protected":false},"excerpt":{"rendered":"<p>En aquesta secci\u00f3 hi trobareu algus dels programes i dels projectes que tenim engegats a l&#8217;escola i que formen part de la visi\u00f3 que tenim de l&#8217;educaci\u00f3 global i competencial.<\/p>\n","protected":false},"author":1,"featured_media":0,"parent":0,"menu_order":0,"comment_status":"closed","ping_status":"closed","template":"","meta":{"ngg_post_thumbnail":0},"jetpack_sharing_enabled":true,"jetpack_shortlink":"https:\/\/wp.me\/P9f2GC-1c","jetpack-related-posts":[{"id":97,"url":"https:\/\/sfassisf.com\/?page_id=97","url_meta":{"origin":74,"position":0},"title":"Padrins","date":"19\/07\/2017","format":false,"excerpt":"La nostra escola va iniciar ja fa anys diferents programes i activitats agrupades sota el nom com\u00fa de \"Padrins\". Aquestes activitats es basen en la coeducaci\u00f3 i en el guiatge per part de l'alumnat dels cursos superiors envers els m\u00e9s petitons. D'aquesta forma, es duen a terme les seg\u00fcents activitats:\u2026","rel":"","context":"Similar post","img":{"alt_text":"","src":"https:\/\/i0.wp.com\/sfassisf.com\/wp-content\/uploads\/2017\/07\/IMG_3385-1-300x225.jpg?resize=350%2C200","width":350,"height":200},"classes":[]},{"id":81,"url":"https:\/\/sfassisf.com\/?page_id=81","url_meta":{"origin":74,"position":1},"title":"ICAPE (Cooperativa escolar)","date":"18\/07\/2017","format":false,"excerpt":"Un curs m\u00e9s, l'alumnat de 5\u00e8 de prim\u00e0ria ens hem adherit al programa ICAPE sobre emprenedoria.\u00a0 ICAPE \u00e9s un projecte educatiu que impulsa els valors de la persona, les capacitats emprenedores i familiaritza els estudiants amb el concepte de responsabilitat social. L\u2019objectiu general d\u2019ICAPE \u00e9s aconseguir que els alumnes millorin\u2026","rel":"","context":"Similar post","img":{"alt_text":"","src":"","width":0,"height":0},"classes":[]},{"id":29,"url":"https:\/\/sfassisf.com\/?page_id=29","url_meta":{"origin":74,"position":2},"title":"Revista Missatger","date":"17\/07\/2017","format":false,"excerpt":"L'alumnat d'ESO elabora, de forma trimestral, una revista per donar a con\u00e8ixer el dia a dia de l'escola. S'hi publiquen produccions de l'alumnat dels diferents cicles educatius, aix\u00ed com informaci\u00f3 sobre sortides i altres activitats duites a terme al nostre centre. Les anirem publicant en aquesta web a mesura que\u2026","rel":"","context":"Similar post","img":{"alt_text":"","src":"","width":0,"height":0},"classes":[]},{"id":510,"url":"https:\/\/sfassisf.com\/?page_id=510","url_meta":{"origin":74,"position":3},"title":"Festivals","date":"28\/05\/2018","format":false,"excerpt":"La nostra escola promou l'expressi\u00f3 art\u00edstica des de moltes vessants diferents, encara que destaquem especialment la import\u00e0ncia de donar a con\u00e8ixer les habilitats adquirides o treballades dins l'horari lectiu. Consideram que l'expressi\u00f3 art\u00edstica \u00e9s fonamental per a la formaci\u00f3 integral de la persona i que li hem de donar cabuda\u2026","rel":"","context":"Similar post","img":{"alt_text":"","src":"","width":0,"height":0},"classes":[]},{"id":506,"url":"https:\/\/sfassisf.com\/?page_id=506","url_meta":{"origin":74,"position":4},"title":"Viatges escolars","date":"19\/09\/2023","format":false,"excerpt":"La nostra escola t\u00e9 establerts, de fa molts anys, dos viatges escolars. Aquests viatges tenen lloc en finalitzar les dues etapes educatives de Prim\u00e0ria i Secund\u00e0ria. Viatge de 6\u00e8 de Prim\u00e0ria L\u2019alumnat de 6\u00e8,\u00a0 que espera aquest viatge amb il\u00b7lusi\u00f3, t\u00e9 l\u2019oportunitat de gaudir de les activitats educatives proposades per\u2026","rel":"","context":"Similar post","img":{"alt_text":"","src":"","width":0,"height":0},"classes":[]},{"id":1173,"url":"https:\/\/sfassisf.com\/?page_id=1173","url_meta":{"origin":74,"position":5},"title":"Programa Fora de s\u00e8rie","date":"31\/03\/2022","format":false,"excerpt":"Benvolgudes fam\u00edlies,\u00a0 La nostra escola \u00e9s un dels deu centres educatius que formen part de la Xarxa de Centres Cooperants del Fons Menorqu\u00ed de Cooperaci\u00f3, a trav\u00e9s del qual rebem suport t\u00e8cnic per desenvolupar un projecte d\u2019Aprenentatge Servei que des de fa tres anys se centra en la Sobirania Aliment\u00e0ria\u2026","rel":"","context":"Similar post","img":{"alt_text":"","src":"","width":0,"height":0},"classes":[]}],"_links":{"self":[{"href":"https:\/\/sfassisf.com\/index.php?rest_route=\/wp\/v2\/pages\/74"}],"collection":[{"href":"https:\/\/sfassisf.com\/index.php?rest_route=\/wp\/v2\/pages"}],"about":[{"href":"https:\/\/sfassisf.com\/index.php?rest_route=\/wp\/v2\/types\/page"}],"author":[{"embeddable":true,"href":"https:\/\/sfassisf.com\/index.php?rest_route=\/wp\/v2\/users\/1"}],"replies":[{"embeddable":true,"href":"https:\/\/sfassisf.com\/index.php?rest_route=%2Fwp%2Fv2%2Fcomments&post=74"}],"version-history":[{"count":2,"href":"https:\/\/sfassisf.com\/index.php?rest_route=\/wp\/v2\/pages\/74\/revisions"}],"predecessor-version":[{"id":1177,"href":"https:\/\/sfassisf.com\/index.php?rest_route=\/wp\/v2\/pages\/74\/revisions\/1177"}],"wp:attachment":[{"href":"https:\/\/sfassisf.com\/index.php?rest_route=%2Fwp%2Fv2%2Fmedia&parent=74"}],"curies":[{"name":"wp","href":"https:\/\/api.w.org\/{rel}","templated":true}]}}