{"id":78,"date":"2017-07-18T20:12:34","date_gmt":"2017-07-18T18:12:34","guid":{"rendered":"http:\/\/sfassisf.com\/?page_id=78"},"modified":"2025-12-16T13:17:30","modified_gmt":"2025-12-16T11:17:30","slug":"organigrama","status":"publish","type":"page","link":"https:\/\/sfassisf.com\/?page_id=78","title":{"rendered":"Organigrama"},"content":{"rendered":"<div class=\"wp-block-image\">\n<figure class=\"alignright size-large is-resized\"><img data-attachment-id=\"1542\" data-permalink=\"https:\/\/sfassisf.com\/?attachment_id=1542#main\" data-orig-file=\"https:\/\/i0.wp.com\/sfassisf.com\/wp-content\/uploads\/2025\/12\/Equip-directiu-2025-26-1.jpg?fit=1600%2C1200&amp;ssl=1\" data-orig-size=\"1600,1200\" data-comments-opened=\"0\" data-image-meta=\"{&quot;aperture&quot;:&quot;0&quot;,&quot;credit&quot;:&quot;&quot;,&quot;camera&quot;:&quot;&quot;,&quot;caption&quot;:&quot;&quot;,&quot;created_timestamp&quot;:&quot;0&quot;,&quot;copyright&quot;:&quot;&quot;,&quot;focal_length&quot;:&quot;0&quot;,&quot;iso&quot;:&quot;0&quot;,&quot;shutter_speed&quot;:&quot;0&quot;,&quot;title&quot;:&quot;&quot;,&quot;orientation&quot;:&quot;0&quot;}\" data-image-title=\"Equip-directiu-2025-26-1\" data-image-description=\"\" data-image-caption=\"\" data-medium-file=\"https:\/\/i0.wp.com\/sfassisf.com\/wp-content\/uploads\/2025\/12\/Equip-directiu-2025-26-1.jpg?fit=300%2C225&amp;ssl=1\" data-large-file=\"https:\/\/i0.wp.com\/sfassisf.com\/wp-content\/uploads\/2025\/12\/Equip-directiu-2025-26-1.jpg?fit=680%2C510&amp;ssl=1\" loading=\"lazy\" src=\"https:\/\/i0.wp.com\/sfassisf.com\/wp-content\/uploads\/2025\/12\/Equip-directiu-2025-26-1.jpg?resize=398%2C294&#038;ssl=1\" alt=\"\" class=\"wp-image-1542\" width=\"398\" height=\"294\" data-recalc-dims=\"1\" \/><figcaption>L&#8217;equip directiu<\/figcaption><\/figure><\/div>\n\n<p>L&#8217;<strong>equip directiu<\/strong> del nostre centre est\u00e0 compost pels seg\u00fcents c\u00e0rrecs:<\/p>\n<ul>\n<li>Direcci\u00f3 acad\u00e8mica: Joan Pons Mart\u00ed<\/li>\n<li>Cap d&#8217;estudis: Sandra Mercadal Truyol<\/li>\n<li>Cap de pastoral: Susana Mart\u00ed Pons<\/li>\n<li>Secret\u00e0ria: \u00c0ngels Llufriu Huguet<\/li>\n<li>Representant del titular: Guillem Ferrer Monjo<\/li>\n<\/ul>","protected":false},"excerpt":{"rendered":"<p>L&#8217;equip directiu del nostre centre est\u00e0 compost pels seg\u00fcents c\u00e0rrecs: Direcci\u00f3 acad\u00e8mica: Joan Pons Mart\u00ed Cap d&#8217;estudis: Sandra Mercadal Truyol Cap de pastoral: Susana Mart\u00ed Pons Secret\u00e0ria: \u00c0ngels Llufriu Huguet Representant del titular: Guillem Ferrer Monjo<\/p>\n","protected":false},"author":1,"featured_media":0,"parent":52,"menu_order":0,"comment_status":"closed","ping_status":"closed","template":"","meta":{"ngg_post_thumbnail":0},"jetpack_sharing_enabled":true,"jetpack_shortlink":"https:\/\/wp.me\/P9f2GC-1g","jetpack-related-posts":[{"id":54,"url":"https:\/\/sfassisf.com\/?page_id=54","url_meta":{"origin":78,"position":0},"title":"Oferta educativa","date":"18\/07\/2017","format":false,"excerpt":"La nostra escola t\u00e9 el privilegi de poder oferir l'ensenyament obligatori en la seva totalitat. \u00c9s a dir, desde l'etapa d'educaci\u00f3 infantil fins a la finalitzaci\u00f3 de la ESO. Les tutories queden establertes de la seg\u00fcent forma per al curs 2025\/2026: Educaci\u00f3 Infantil\u00a03-6 (EI) Tutora\u00a0P3 \u2192 Marga Janer Mart\u00ed Tutora\u00a0P4\u2026","rel":"","context":"Similar post","img":{"alt_text":"","src":"","width":0,"height":0},"classes":[]},{"id":52,"url":"https:\/\/sfassisf.com\/?page_id=52","url_meta":{"origin":78,"position":1},"title":"El centre","date":"18\/07\/2017","format":false,"excerpt":"MISSI\u00d3 Oferir una educaci\u00f3 integral \u2013la qual abasti el desenvolupament f\u00edsic, intel\u00b7lectual, afectiu i social- arrelada en els valors propis de la concepci\u00f3 cristiana de l\u2019home, de la vida i del m\u00f3n i que es basa en la import\u00e0ncia de la filosofia de l\u2019ESSER i no del tenir, per potenciar\u2026","rel":"","context":"Similar post","img":{"alt_text":"","src":"","width":0,"height":0},"classes":[]},{"id":1173,"url":"https:\/\/sfassisf.com\/?page_id=1173","url_meta":{"origin":78,"position":2},"title":"Programa Fora de s\u00e8rie","date":"31\/03\/2022","format":false,"excerpt":"Benvolgudes fam\u00edlies,\u00a0 La nostra escola \u00e9s un dels deu centres educatius que formen part de la Xarxa de Centres Cooperants del Fons Menorqu\u00ed de Cooperaci\u00f3, a trav\u00e9s del qual rebem suport t\u00e8cnic per desenvolupar un projecte d\u2019Aprenentatge Servei que des de fa tres anys se centra en la Sobirania Aliment\u00e0ria\u2026","rel":"","context":"Similar post","img":{"alt_text":"","src":"","width":0,"height":0},"classes":[]},{"id":936,"url":"https:\/\/sfassisf.com\/?page_id=936","url_meta":{"origin":78,"position":3},"title":"Projecte d&#8217;etapa","date":"22\/10\/2019","format":false,"excerpt":"Cada curs, l'etapa d'Educaci\u00f3 Prim\u00e0ria engega un projecte com\u00fa en el que cada curs hi treballa de forma particular. Aquest curs 2021\/2022, i a partir del lema \"Treu la m\u00e0gia del teu cor\", es podran treballar les emocions de forma molt particular. Aquest lema tamb\u00e9 servir\u00e0 per fer les reflexions\u2026","rel":"","context":"Similar post","img":{"alt_text":"","src":"https:\/\/i0.wp.com\/sfassisf.com\/wp-content\/uploads\/2021\/09\/Treu-la-ma\u0300gia-del-teu-cor-copia.png?resize=350%2C200&ssl=1","width":350,"height":200},"classes":[]},{"id":1462,"url":"https:\/\/sfassisf.com\/?page_id=1462","url_meta":{"origin":78,"position":4},"title":"Extraescolars","date":"07\/09\/2025","format":false,"excerpt":"Benvolgudes fam\u00edlies, a partir del proper dia 10 de setembre es posa en marxa el servei d'extraescolars. A continuaci\u00f3 us detallam m\u00e9s informaci\u00f3 per si \u00e9s del vostre inter\u00e8s fer-ne \u00fas durant el curs. SERVEI D\u2019EXTRAESCOLARSL\u2019horari \u00e9s de les 15h a les 16h.Preu 40\u20ac mensuals 4 dies a la setmana\u2026","rel":"","context":"Similar post","img":{"alt_text":"","src":"","width":0,"height":0},"classes":[]},{"id":186,"url":"https:\/\/sfassisf.com\/?page_id=186","url_meta":{"origin":78,"position":5},"title":"Bon curs 2018\/2019!","date":"30\/08\/2017","format":false,"excerpt":"","rel":"","context":"Similar post","img":{"alt_text":"","src":"https:\/\/i0.wp.com\/sfassisf.com\/wp-content\/uploads\/2018\/09\/IMG_6486-239x300.jpg?resize=350%2C200","width":350,"height":200},"classes":[]}],"_links":{"self":[{"href":"https:\/\/sfassisf.com\/index.php?rest_route=\/wp\/v2\/pages\/78"}],"collection":[{"href":"https:\/\/sfassisf.com\/index.php?rest_route=\/wp\/v2\/pages"}],"about":[{"href":"https:\/\/sfassisf.com\/index.php?rest_route=\/wp\/v2\/types\/page"}],"author":[{"embeddable":true,"href":"https:\/\/sfassisf.com\/index.php?rest_route=\/wp\/v2\/users\/1"}],"replies":[{"embeddable":true,"href":"https:\/\/sfassisf.com\/index.php?rest_route=%2Fwp%2Fv2%2Fcomments&post=78"}],"version-history":[{"count":9,"href":"https:\/\/sfassisf.com\/index.php?rest_route=\/wp\/v2\/pages\/78\/revisions"}],"predecessor-version":[{"id":1543,"href":"https:\/\/sfassisf.com\/index.php?rest_route=\/wp\/v2\/pages\/78\/revisions\/1543"}],"up":[{"embeddable":true,"href":"https:\/\/sfassisf.com\/index.php?rest_route=\/wp\/v2\/pages\/52"}],"wp:attachment":[{"href":"https:\/\/sfassisf.com\/index.php?rest_route=%2Fwp%2Fv2%2Fmedia&parent=78"}],"curies":[{"name":"wp","href":"https:\/\/api.w.org\/{rel}","templated":true}]}}