{"id":86,"date":"2017-07-18T20:16:13","date_gmt":"2017-07-18T18:16:13","guid":{"rendered":"http:\/\/sfassisf.com\/?page_id=86"},"modified":"2021-06-15T16:35:08","modified_gmt":"2021-06-15T14:35:08","slug":"contacte","status":"publish","type":"page","link":"https:\/\/sfassisf.com\/?page_id=86","title":{"rendered":"Contacte"},"content":{"rendered":"\n<p><strong>Edifici Principal<\/strong><\/p>\n\n\n\n<blockquote class=\"wp-block-quote\"><p>C\/ Beat Joan Huguet, 11<\/p><p>07750 &#8211; Ferreries &#8211; Menorca<\/p><p>Administraci\u00f3: <a href=\"mailto:sfassisf@sfassisf.com\">sfassisf@sfassisf.com<\/a><\/p><p>Tel\u00e8fon administraci\u00f3: 971373190<\/p><\/blockquote>\n\n\n\n<p><strong>Edifici Educaci\u00f3 Infantil<\/strong><\/p>\n\n\n\n<blockquote class=\"wp-block-quote\"><p>Pla\u00e7a d&#8217;Espanya, 3<\/p><p>Tel\u00e8fon: 971 155 169<\/p><\/blockquote>\n\n\n\n<p><strong>Horari d&#8217;atenci\u00f3 al p\u00fablic<\/strong><\/p>\n\n\n\n<blockquote class=\"wp-block-quote\"><p>De dilluns a divendres de 08:00 a 14:00<\/p><p>Dilluns i dimarts de 16:00 a 18:00<\/p><\/blockquote>\n\n\n\n<p><\/p>\n","protected":false},"excerpt":{"rendered":"<p>Edifici Principal C\/ Beat Joan Huguet, 11 07750 &#8211; Ferreries &#8211; Menorca Administraci\u00f3: sfassisf@sfassisf.com Tel\u00e8fon administraci\u00f3: 971373190 Edifici Educaci\u00f3 Infantil Pla\u00e7a d&#8217;Espanya, 3 Tel\u00e8fon: 971 155 169 Horari d&#8217;atenci\u00f3 al p\u00fablic De dilluns a divendres de 08:00 a 14:00 Dilluns i dimarts de 16:00 a 18:00<\/p>\n","protected":false},"author":1,"featured_media":0,"parent":0,"menu_order":0,"comment_status":"closed","ping_status":"closed","template":"","meta":{"ngg_post_thumbnail":0},"jetpack_sharing_enabled":true,"jetpack_shortlink":"https:\/\/wp.me\/P9f2GC-1o","jetpack-related-posts":[],"_links":{"self":[{"href":"https:\/\/sfassisf.com\/index.php?rest_route=\/wp\/v2\/pages\/86"}],"collection":[{"href":"https:\/\/sfassisf.com\/index.php?rest_route=\/wp\/v2\/pages"}],"about":[{"href":"https:\/\/sfassisf.com\/index.php?rest_route=\/wp\/v2\/types\/page"}],"author":[{"embeddable":true,"href":"https:\/\/sfassisf.com\/index.php?rest_route=\/wp\/v2\/users\/1"}],"replies":[{"embeddable":true,"href":"https:\/\/sfassisf.com\/index.php?rest_route=%2Fwp%2Fv2%2Fcomments&post=86"}],"version-history":[{"count":11,"href":"https:\/\/sfassisf.com\/index.php?rest_route=\/wp\/v2\/pages\/86\/revisions"}],"predecessor-version":[{"id":1126,"href":"https:\/\/sfassisf.com\/index.php?rest_route=\/wp\/v2\/pages\/86\/revisions\/1126"}],"wp:attachment":[{"href":"https:\/\/sfassisf.com\/index.php?rest_route=%2Fwp%2Fv2%2Fmedia&parent=86"}],"curies":[{"name":"wp","href":"https:\/\/api.w.org\/{rel}","templated":true}]}}